{"id":2707,"date":"2018-05-16T10:04:34","date_gmt":"2018-05-16T10:04:34","guid":{"rendered":"http:\/\/www.telelux.es\/?page_id=2707"},"modified":"2018-05-16T10:05:10","modified_gmt":"2018-05-16T10:05:10","slug":"maquinaria-escenica","status":"publish","type":"page","link":"https:\/\/www.telelux.es\/es\/sonido-profesional-iluminacion-espectacular\/maquinaria-escenica\/","title":{"rendered":"Maquinaria esc\u00e9nica"},"content":{"rendered":"<div id=\"pl-2707\"  class=\"panel-layout\" ><div id=\"pg-2707-0\"  class=\"panel-grid panel-no-style\" ><div id=\"pgc-2707-0-0\"  class=\"panel-grid-cell\" ><div id=\"panel-2707-0-0-0\" class=\"so-panel widget widget_sow-editor panel-first-child panel-last-child\" data-index=\"0\" ><div\n\t\t\t\n\t\t\tclass=\"so-widget-sow-editor so-widget-sow-editor-base\"\n\t\t\t\n\t\t>\n<div class=\"siteorigin-widget-tinymce textwidget\">\n\t<p>Luces y acci\u00f3n!<br \/>\nM\u00e0quinas\u00a0de humo,\u00a0m\u00e1quinas\u00a0de niebla, ca\u00f1ones de confeti, nieve artificial,\u00a0m\u00e1quinas\u00a0de burbujas,\u00a0m\u00e1quinas\u00a0de espuma y generadores de viento para escenarios.<\/p>\n<\/div>\n<\/div><\/div><\/div><\/div><div id=\"pg-2707-1\"  class=\"panel-grid panel-has-style\" ><div class=\"siteorigin-panels-stretch panel-row-style-full-width panel-row-style panel-row-style-for-2707-1\" data-stretch-type=\"full-stretched\" ><div id=\"pgc-2707-1-0\"  class=\"panel-grid-cell\" ><div id=\"panel-2707-1-0-0\" class=\"so-panel widget widget_sow-editor panel-first-child panel-last-child\" data-index=\"1\" ><div class=\"panel-widget-style panel-widget-style-for-2707-1-0-0\" ><div\n\t\t\t\n\t\t\tclass=\"so-widget-sow-editor so-widget-sow-editor-base\"\n\t\t\t\n\t\t>\n<div class=\"siteorigin-widget-tinymce textwidget\">\n\t<p>&nbsp;<\/p>\n<h1 style=\"color: #fff;\">LUCES RGB<\/h1>\n<p style=\"color: #fff; font-size: 1.0em;\">\u00daltima tecnolog\u00cda de luces led para escenarios, olv\u00eddate de filtros de colores y de costosos dimers de control.<\/p>\n<\/div>\n<\/div><\/div><\/div><\/div><\/div><\/div><div id=\"pg-2707-2\"  class=\"panel-grid panel-has-style\" ><div class=\"siteorigin-panels-stretch panel-row-style-full-width panel-row-style panel-row-style-for-2707-2\" data-stretch-type=\"full-stretched\" ><div id=\"pgc-2707-2-0\"  class=\"panel-grid-cell\" ><div id=\"panel-2707-2-0-0\" class=\"so-panel widget widget_sow-editor panel-first-child panel-last-child\" data-index=\"2\" ><div class=\"panel-widget-style panel-widget-style-for-2707-2-0-0\" ><div\n\t\t\t\n\t\t\tclass=\"so-widget-sow-editor so-widget-sow-editor-base\"\n\t\t\t\n\t\t>\n<div class=\"siteorigin-widget-tinymce textwidget\">\n\t<p>&nbsp;<\/p>\n<h1 style=\"color: #fff;\">FOCOS PAR<\/h1>\n<p style=\"color: #fff; font-size: 1.0em;\">Los focos de toda la vida pero con un consumo el\u00e9ctrico mucho m\u00e1s peque\u00f1o gracias a la tecnolog\u00eda led.<\/p>\n<\/div>\n<\/div><\/div><\/div><\/div><\/div><\/div><div id=\"pg-2707-3\"  class=\"panel-grid panel-has-style\" ><div class=\"siteorigin-panels-stretch panel-row-style-full-width panel-row-style panel-row-style-for-2707-3\" data-stretch-type=\"full-stretched\" ><div id=\"pgc-2707-3-0\"  class=\"panel-grid-cell\" ><div id=\"panel-2707-3-0-0\" class=\"so-panel widget widget_sow-editor panel-first-child panel-last-child\" data-index=\"3\" ><div class=\"panel-widget-style panel-widget-style-for-2707-3-0-0\" ><div\n\t\t\t\n\t\t\tclass=\"so-widget-sow-editor so-widget-sow-editor-base\"\n\t\t\t\n\t\t>\n<div class=\"siteorigin-widget-tinymce textwidget\">\n\t<p>&nbsp;<\/p>\n<h1 style=\"color: #fff;\">TURBINAS<\/h1>\n<p style=\"color: #fff; font-size: 1.0em;\">Haz que sople viento, turbinas controladas por DMX.<\/p>\n<\/div>\n<\/div><\/div><\/div><\/div><\/div><\/div><div id=\"pg-2707-4\"  class=\"panel-grid panel-has-style\" ><div class=\"siteorigin-panels-stretch panel-row-style-full-width panel-row-style panel-row-style-for-2707-4\" data-stretch-type=\"full-stretched\" ><div id=\"pgc-2707-4-0\"  class=\"panel-grid-cell\" ><div id=\"panel-2707-4-0-0\" class=\"so-panel widget widget_sow-editor panel-first-child panel-last-child\" data-index=\"4\" ><div class=\"panel-widget-style panel-widget-style-for-2707-4-0-0\" ><div\n\t\t\t\n\t\t\tclass=\"so-widget-sow-editor so-widget-sow-editor-base\"\n\t\t\t\n\t\t>\n<div class=\"siteorigin-widget-tinymce textwidget\">\n\t<p>&nbsp;<\/p>\n<h1 style=\"color: #fff;\">EFECTO NIEBLA - HUMO<\/h1>\n<p style=\"color: #fff; font-size: 1.0em;\">Consigue los mejores efectos de humo, niebla o CO2 con nuestra m\u00e1quinas, solicita informaci\u00f3n sin compromiso.<\/p>\n<\/div>\n<\/div><\/div><\/div><\/div><\/div><\/div><div id=\"pg-2707-5\"  class=\"panel-grid panel-has-style\" ><div class=\"siteorigin-panels-stretch panel-row-style-full-width panel-row-style panel-row-style-for-2707-5\" data-stretch-type=\"full-stretched\" ><div id=\"pgc-2707-5-0\"  class=\"panel-grid-cell\" ><div id=\"panel-2707-5-0-0\" class=\"so-panel widget widget_sow-editor panel-first-child panel-last-child\" data-index=\"5\" ><div class=\"panel-widget-style panel-widget-style-for-2707-5-0-0\" ><div\n\t\t\t\n\t\t\tclass=\"so-widget-sow-editor so-widget-sow-editor-base\"\n\t\t\t\n\t\t>\n<div class=\"siteorigin-widget-tinymce textwidget\">\n\t<p>&nbsp;<\/p>\n<h1 style=\"color: #fff;\">ESPUMA COMO TU QUIERAS<\/h1>\n<p style=\"color: #fff; font-size: 1.0em;\">Espuma con efecto cascada, ca\u00f1ones de espuma, nieve simulada con espuma.<\/p>\n<\/div>\n<\/div><\/div><\/div><\/div><\/div><\/div><div id=\"pg-2707-6\"  class=\"panel-grid panel-has-style\" ><div class=\"siteorigin-panels-stretch panel-row-style-full-width panel-row-style panel-row-style-for-2707-6\" data-stretch-type=\"full-stretched\" ><div id=\"pgc-2707-6-0\"  class=\"panel-grid-cell\" ><div id=\"panel-2707-6-0-0\" class=\"so-panel widget widget_sow-editor panel-first-child panel-last-child\" data-index=\"6\" ><div class=\"panel-widget-style panel-widget-style-for-2707-6-0-0\" ><div\n\t\t\t\n\t\t\tclass=\"so-widget-sow-editor so-widget-sow-editor-base\"\n\t\t\t\n\t\t>\n<div class=\"siteorigin-widget-tinymce textwidget\">\n\t<p>&nbsp;<\/p>\n<h1 style=\"color: #fff;\">CONFETI I SERPENTINAS<\/h1>\n<p style=\"color: #fff; font-size: 1.0em;\">Ca\u00f1ones y bufadores para confeti y serpentinas, suministramos confetis de distintas formas y colores, as\u00ed como serpentinas.<\/p>\n<\/div>\n<\/div><\/div><\/div><\/div><\/div><\/div><div id=\"pg-2707-7\"  class=\"panel-grid panel-has-style\" ><div class=\"siteorigin-panels-stretch panel-row-style-full-width panel-row-style panel-row-style-for-2707-7\" style=\"background-color: #ffa93a; \" data-stretch-type=\"full-stretched\" ><div id=\"pgc-2707-7-0\"  class=\"panel-grid-cell\" ><div id=\"panel-2707-7-0-0\" class=\"widget_text so-panel widget widget_custom_html panel-first-child panel-last-child\" data-index=\"7\" ><div class=\"textwidget custom-html-widget\">\n<div class=\"wpcf7 no-js\" id=\"wpcf7-f1178-o1\" lang=\"es-ES\" dir=\"ltr\">\n<div class=\"screen-reader-response\"><p role=\"status\" aria-live=\"polite\" aria-atomic=\"true\"><\/p> <ul><\/ul><\/div>\n<form action=\"\/es\/wp-json\/wp\/v2\/pages\/2707#wpcf7-f1178-o1\" method=\"post\" class=\"wpcf7-form init\" aria-label=\"Formulario de contacto\" novalidate=\"novalidate\" data-status=\"init\">\n<div style=\"display: none;\">\n<input type=\"hidden\" name=\"_wpcf7\" value=\"1178\" \/>\n<input type=\"hidden\" name=\"_wpcf7_version\" value=\"5.7.7\" \/>\n<input type=\"hidden\" name=\"_wpcf7_locale\" value=\"es_ES\" \/>\n<input type=\"hidden\" name=\"_wpcf7_unit_tag\" value=\"wpcf7-f1178-o1\" \/>\n<input type=\"hidden\" name=\"_wpcf7_container_post\" value=\"0\" \/>\n<input type=\"hidden\" name=\"_wpcf7_posted_data_hash\" value=\"\" \/>\n<input type=\"hidden\" name=\"_wpcf7_recaptcha_response\" value=\"\" \/>\n<\/div>\n<div style=\"width:70%; padding:0; margin-left: auto; margin-right: auto;\">\n\t<h4 style=\"text-align: center; margin-bottom: 2rem;\"><i class=\"fa fa-comments-o\"><\/i> FES-NOS LA TEVA CONSULTA\n\t<\/h4>\n\t<div style=\"width: 45%; display: inline-block; margin: 0; vertical-align: top;\">\n\t\t<p><span class=\"wpcf7-form-control-wrap\" data-name=\"your-name\"><input size=\"40\" class=\"wpcf7-form-control wpcf7-text wpcf7-validates-as-required\" aria-required=\"true\" aria-invalid=\"false\" value=\"El teu nom*\" type=\"text\" name=\"your-name\" \/><\/span>\n\t\t<\/p>\n\t\t<p><span class=\"wpcf7-form-control-wrap\" data-name=\"your-email\"><input size=\"40\" class=\"wpcf7-form-control wpcf7-text wpcf7-email wpcf7-validates-as-required wpcf7-validates-as-email\" aria-required=\"true\" aria-invalid=\"false\" value=\"El teu email*\" type=\"email\" name=\"your-email\" \/><\/span>\n\t\t<\/p>\n\t\t<p><span class=\"wpcf7-form-control-wrap\" data-name=\"your-subject\"><input size=\"40\" class=\"wpcf7-form-control wpcf7-text\" aria-invalid=\"false\" value=\"Assumpte\" type=\"text\" name=\"your-subject\" \/><\/span>\n\t\t<\/p>\n\t\t<p>Els camps marcats amb * s\u00f3n obligatoris.\n\t\t<\/p>\n\t<\/div>\n\t<div style=\"width: 50%; display: inline-block; margin: 0\">\n\t\t<p><span class=\"wpcf7-form-control-wrap\" data-name=\"your-message\"><textarea cols=\"50\" rows=\"4\" class=\"wpcf7-form-control wpcf7-textarea wpcf7-validates-as-required\" aria-required=\"true\" aria-invalid=\"false\" name=\"your-message\">Escriu aqu\u00ed el teu missatge*<\/textarea><\/span>\n\t\t<\/p>\n\t\t<p><span class=\"wpcf7-form-control-wrap\" data-name=\"acceptance-854\"><span class=\"wpcf7-form-control wpcf7-acceptance\"><span class=\"wpcf7-list-item\"><label><input type=\"checkbox\" name=\"acceptance-854\" value=\"1\" aria-invalid=\"false\" \/><span class=\"wpcf7-list-item-label\">He leido y acepto la <a href=\"\/politica-de-privacidad\">politica de privacidad<\/a><\/span><\/label><\/span><\/span><\/span>\n\t\t<\/p>\n\t\t<p>\n\t\t<input class=\"wpcf7-form-control has-spinner wpcf7-submit\" type=\"submit\" value=\"Enviar\" \/>\n\t\t<\/p>\n\t<\/div>\n<\/div><p style=\"display: none !important;\"><label>&#916;<textarea name=\"_wpcf7_ak_hp_textarea\" cols=\"45\" rows=\"8\" maxlength=\"100\"><\/textarea><\/label><input type=\"hidden\" id=\"ak_js_1\" name=\"_wpcf7_ak_js\" value=\"168\"\/><script>document.getElementById( \"ak_js_1\" ).setAttribute( \"value\", ( new Date() ).getTime() );<\/script><\/p><div class=\"wpcf7-response-output\" aria-hidden=\"true\"><\/div>\n<\/form>\n<\/div>\n<\/div><\/div><\/div><\/div><\/div><\/div>","protected":false},"excerpt":{"rendered":"<p>Luces y acci\u00f3n! M\u00e0quinas\u00a0de humo,\u00a0m\u00e1quinas\u00a0de niebla, ca\u00f1ones de confeti, nieve artificial,\u00a0m\u00e1quinas\u00a0de burbujas,\u00a0m\u00e1quinas\u00a0de espuma y generadores de viento para escenarios. &nbsp; LUCES RGB \u00daltima tecnolog\u00cda de luces led para escenarios, olv\u00eddate de filtros de colores y de costosos dimers de control.<\/p>\n","protected":false},"author":3,"featured_media":0,"parent":2693,"menu_order":0,"comment_status":"closed","ping_status":"closed","template":"home-panels.php","meta":[],"aioseo_notices":[],"_links":{"self":[{"href":"https:\/\/www.telelux.es\/es\/wp-json\/wp\/v2\/pages\/2707"}],"collection":[{"href":"https:\/\/www.telelux.es\/es\/wp-json\/wp\/v2\/pages"}],"about":[{"href":"https:\/\/www.telelux.es\/es\/wp-json\/wp\/v2\/types\/page"}],"author":[{"embeddable":true,"href":"https:\/\/www.telelux.es\/es\/wp-json\/wp\/v2\/users\/3"}],"replies":[{"embeddable":true,"href":"https:\/\/www.telelux.es\/es\/wp-json\/wp\/v2\/comments?post=2707"}],"version-history":[{"count":5,"href":"https:\/\/www.telelux.es\/es\/wp-json\/wp\/v2\/pages\/2707\/revisions"}],"predecessor-version":[{"id":2712,"href":"https:\/\/www.telelux.es\/es\/wp-json\/wp\/v2\/pages\/2707\/revisions\/2712"}],"up":[{"embeddable":true,"href":"https:\/\/www.telelux.es\/es\/wp-json\/wp\/v2\/pages\/2693"}],"wp:attachment":[{"href":"https:\/\/www.telelux.es\/es\/wp-json\/wp\/v2\/media?parent=2707"}],"curies":[{"name":"wp","href":"https:\/\/api.w.org\/{rel}","templated":true}]}}