{"id":2637,"date":"2018-05-16T14:24:16","date_gmt":"2018-05-16T14:24:16","guid":{"rendered":"http:\/\/www.telelux.es\/?page_id=2637"},"modified":"2019-04-16T17:24:00","modified_gmt":"2019-04-16T17:24:00","slug":"esdeveniments","status":"publish","type":"page","link":"https:\/\/www.telelux.es\/es\/esdeveniments\/","title":{"rendered":"Esdeveniments"},"content":{"rendered":"<div id=\"pl-2637\"  class=\"panel-layout\" ><div id=\"pg-2637-0\"  class=\"panel-grid panel-has-style\" ><div class=\"siteorigin-panels-stretch panel-row-style-full-width panel-row-style panel-row-style-for-2637-0\" data-stretch-type=\"full-stretched\" ><div id=\"pgc-2637-0-0\"  class=\"panel-grid-cell\" ><div id=\"panel-2637-0-0-0\" class=\"so-panel widget widget_sow-editor panel-first-child panel-last-child\" data-index=\"0\" ><div class=\"panel-widget-style panel-widget-style-for-2637-0-0-0\" ><div\n\t\t\t\n\t\t\tclass=\"so-widget-sow-editor so-widget-sow-editor-base\"\n\t\t\t\n\t\t>\n<div class=\"siteorigin-widget-tinymce textwidget\">\n\t<p>\u00a0<\/p>\n<h1 style=\"color: #ffffff; text-align: center;\">TELELUX EVENTOS<\/h1>\n<\/div>\n<\/div><\/div><\/div><\/div><\/div><\/div><div id=\"pg-2637-1\"  class=\"panel-grid panel-has-style\" ><div class=\"siteorigin-panels-stretch panel-row-style-full-width panel-row-style panel-row-style-for-2637-1\" data-stretch-type=\"full-stretched\" ><div id=\"pgc-2637-1-0\"  class=\"panel-grid-cell\" ><div id=\"panel-2637-1-0-0\" class=\"so-panel widget widget_sow-editor panel-first-child panel-last-child\" data-index=\"1\" ><div class=\"panel-widget-style panel-widget-style-for-2637-1-0-0\" ><div\n\t\t\t\n\t\t\tclass=\"so-widget-sow-editor so-widget-sow-editor-base\"\n\t\t\t\n\t\t>\n<div class=\"siteorigin-widget-tinymce textwidget\">\n\t<h4 style=\"color: #ffffff; text-align: center;\"><a style=\"font-size: 1.5em;\" href=\"http:\/\/www.telelux.es\/esdeveniments\/alquiler-de-equipos\/\">Alquiler de equipos de sonido y audiovisuales<\/a><\/h4>\n<p style=\"color: #fff; font-size: 1.5em;\"><a href=\"http:\/\/www.telelux.es\/esdeveniments\/alquiler-de-equipos\/\"><img decoding=\"async\" loading=\"lazy\" class=\"wp-image-923 aligncenter\" src=\"http:\/\/www.telelux.es\/wp-content\/uploads\/2018\/03\/icon_001520_256.png\" alt=\"\" width=\"50\" height=\"50\" srcset=\"https:\/\/www.telelux.es\/wp-content\/uploads\/2018\/03\/icon_001520_256.png 256w, https:\/\/www.telelux.es\/wp-content\/uploads\/2018\/03\/icon_001520_256-150x150.png 150w\" sizes=\"(max-width: 50px) 100vw, 50px\" \/><\/a><\/p>\n<\/div>\n<\/div><\/div><\/div><\/div><\/div><\/div><div id=\"pg-2637-2\"  class=\"panel-grid panel-has-style\" ><div class=\"siteorigin-panels-stretch panel-row-style-full-width panel-row-style panel-row-style-for-2637-2\" data-stretch-type=\"full-stretched\" ><div id=\"pgc-2637-2-0\"  class=\"panel-grid-cell\" ><div id=\"panel-2637-2-0-0\" class=\"so-panel widget widget_sow-editor panel-first-child panel-last-child\" data-index=\"2\" ><div class=\"panel-widget-style panel-widget-style-for-2637-2-0-0\" ><div\n\t\t\t\n\t\t\tclass=\"so-widget-sow-editor so-widget-sow-editor-base\"\n\t\t\t\n\t\t>\n<div class=\"siteorigin-widget-tinymce textwidget\">\n\t<h1 style=\"color: #fff;\"><a href=\"http:\/\/www.telelux.es\/esdeveniments\/festes\/\">Fiestas<\/a><\/h1>\n<p style=\"color: #fff; font-size: 1.5em;\"><a href=\"http:\/\/http:\/\/www.telelux.es\/esdeveniments\/festes\/\">\u00bfQuieres organizar una fiesta?<\/a><\/p>\n<p style=\"color: #fff; font-size: 1.5em;\"><a href=\"http:\/\/http:\/\/www.telelux.es\/esdeveniments\/festes\/\">Cuenta con nosotros, te ayudamos en todo, nos encanta pon\u00e9rtelo f\u00e1cil.<\/a><\/p>\n<p><a href=\"http:\/\/www.telelux.es\/esdeveniments\/festes\/\"><img decoding=\"async\" loading=\"lazy\" class=\"wp-image-923 aligncenter\" src=\"http:\/\/www.telelux.es\/wp-content\/uploads\/2018\/03\/icon_001520_256.png\" alt=\"\" width=\"51\" height=\"51\" srcset=\"https:\/\/www.telelux.es\/wp-content\/uploads\/2018\/03\/icon_001520_256.png 256w, https:\/\/www.telelux.es\/wp-content\/uploads\/2018\/03\/icon_001520_256-150x150.png 150w\" sizes=\"(max-width: 51px) 100vw, 51px\" \/><\/a><\/p>\n<\/div>\n<\/div><\/div><\/div><\/div><\/div><\/div><div id=\"pg-2637-3\"  class=\"panel-grid panel-has-style\" ><div class=\"siteorigin-panels-stretch panel-row-style-full-width panel-row-style panel-row-style-for-2637-3\" data-stretch-type=\"full-stretched\" ><div id=\"pgc-2637-3-0\"  class=\"panel-grid-cell\" ><div id=\"panel-2637-3-0-0\" class=\"so-panel widget widget_sow-editor panel-first-child panel-last-child\" data-index=\"3\" ><div class=\"panel-widget-style panel-widget-style-for-2637-3-0-0\" ><div\n\t\t\t\n\t\t\tclass=\"so-widget-sow-editor so-widget-sow-editor-base\"\n\t\t\t\n\t\t>\n<div class=\"siteorigin-widget-tinymce textwidget\">\n\t<p>&nbsp;<\/p>\n<h1 style=\"color: #fff;\">Rock &amp; Bolo Discom\u00f3vil<\/h1>\n<p style=\"color: #fff; font-size: 1.0em;\">La mejor y m\u00e1s divertida disco m\u00f3vil que encontrar\u00e1s, nos adaptamos a todo tipo de fiestas, de estilo musical y de espacio.<\/p>\n<p><a href=\"http:\/\/www.telelux.es\/esdeveniments\/rock-bolo-discomovil\/\"><img decoding=\"async\" loading=\"lazy\" class=\"wp-image-923 aligncenter\" src=\"http:\/\/www.telelux.es\/wp-content\/uploads\/2018\/03\/icon_001520_256.png\" alt=\"\" width=\"51\" height=\"51\" srcset=\"https:\/\/www.telelux.es\/wp-content\/uploads\/2018\/03\/icon_001520_256.png 256w, https:\/\/www.telelux.es\/wp-content\/uploads\/2018\/03\/icon_001520_256-150x150.png 150w\" sizes=\"(max-width: 51px) 100vw, 51px\" \/><\/a><\/p>\n<\/div>\n<\/div><\/div><\/div><\/div><\/div><\/div><div id=\"pg-2637-4\"  class=\"panel-grid panel-has-style\" ><div class=\"siteorigin-panels-stretch panel-row-style-full-width panel-row-style panel-row-style-for-2637-4\" data-stretch-type=\"full-stretched\" ><div id=\"pgc-2637-4-0\"  class=\"panel-grid-cell\" ><div id=\"panel-2637-4-0-0\" class=\"so-panel widget widget_sow-editor panel-first-child panel-last-child\" data-index=\"4\" ><div class=\"panel-widget-style panel-widget-style-for-2637-4-0-0\" ><div\n\t\t\t\n\t\t\tclass=\"so-widget-sow-editor so-widget-sow-editor-base\"\n\t\t\t\n\t\t>\n<div class=\"siteorigin-widget-tinymce textwidget\">\n\t<h1 style=\"color: #fff;\"><a href=\"http:\/\/www.telelux.es\/esdeveniments\/go-to-glow\/\">Go To Glow - Fluor Party<\/a><\/h1>\n<p><span style=\"color: #ffffff;\">Brilla con las fiestas coloridas m\u00e1s divertidas del momento<\/span><img decoding=\"async\" loading=\"lazy\" class=\"wp-image-923 aligncenter\" src=\"http:\/\/www.telelux.es\/wp-content\/uploads\/2018\/03\/icon_001520_256.png\" alt=\"\" width=\"51\" height=\"51\" srcset=\"https:\/\/www.telelux.es\/wp-content\/uploads\/2018\/03\/icon_001520_256.png 256w, https:\/\/www.telelux.es\/wp-content\/uploads\/2018\/03\/icon_001520_256-150x150.png 150w\" sizes=\"(max-width: 51px) 100vw, 51px\" \/><\/p>\n<\/div>\n<\/div><\/div><\/div><\/div><\/div><\/div><div id=\"pg-2637-5\"  class=\"panel-grid panel-has-style\" ><div class=\"siteorigin-panels-stretch panel-row-style-full-width panel-row-style panel-row-style-for-2637-5\" data-stretch-type=\"full-stretched\" ><div id=\"pgc-2637-5-0\"  class=\"panel-grid-cell\" ><div id=\"panel-2637-5-0-0\" class=\"so-panel widget widget_sow-editor panel-first-child panel-last-child\" data-index=\"5\" ><div class=\"panel-widget-style panel-widget-style-for-2637-5-0-0\" ><div\n\t\t\t\n\t\t\tclass=\"so-widget-sow-editor so-widget-sow-editor-base\"\n\t\t\t\n\t\t>\n<div class=\"siteorigin-widget-tinymce textwidget\">\n\t<h1 style=\"color: #fff;\"><a href=\"http:\/\/www.holisummer.com\"><img decoding=\"async\" loading=\"lazy\" class=\"alignnone size-full wp-image-241 aligncenter\" src=\"http:\/\/www.telelux.es\/wp-content\/uploads\/2018\/03\/Logo_Holi_movil-1.png\" alt=\"\" width=\"100\" height=\"102\" \/><\/a><\/h1>\n<h1 style=\"color: #ffffff; text-align: center;\"><a href=\"http:\/\/www.holisummer.com\" target=\"_blank\" rel=\"noopener\">Holi Summer<\/a><\/h1>\n<p style=\"color: #ffffff; font-size: 1em; text-align: center;\"><a href=\"http:\/\/www.holisummer.com\" target=\"_blank\" rel=\"noopener\">\u00bfSabes que es una fiesta Holi?<\/a><\/p>\n<p style=\"color: #ffffff; font-size: 1em; text-align: center;\"><a href=\"http:\/\/www.holisummer.com\" target=\"_blank\" rel=\"noopener\">El aut\u00e9ntico festival Holi se llama Holi SUmmer<\/a><\/p>\n<p><a href=\"http:\/\/www.holisummer.com\"><img decoding=\"async\" loading=\"lazy\" class=\"wp-image-923 aligncenter\" src=\"http:\/\/www.telelux.es\/wp-content\/uploads\/2018\/03\/icon_001520_256.png\" alt=\"\" width=\"51\" height=\"51\" srcset=\"https:\/\/www.telelux.es\/wp-content\/uploads\/2018\/03\/icon_001520_256.png 256w, https:\/\/www.telelux.es\/wp-content\/uploads\/2018\/03\/icon_001520_256-150x150.png 150w\" sizes=\"(max-width: 51px) 100vw, 51px\" \/><\/a><\/p>\n<\/div>\n<\/div><\/div><\/div><\/div><\/div><\/div><\/div>","protected":false},"excerpt":{"rendered":"<p>\u00a0 TELELUX EVENTOS Alquiler de equipos de sonido y audiovisuales<\/p>\n","protected":false},"author":3,"featured_media":0,"parent":0,"menu_order":0,"comment_status":"closed","ping_status":"closed","template":"home-panels.php","meta":[],"aioseo_notices":[],"_links":{"self":[{"href":"https:\/\/www.telelux.es\/es\/wp-json\/wp\/v2\/pages\/2637"}],"collection":[{"href":"https:\/\/www.telelux.es\/es\/wp-json\/wp\/v2\/pages"}],"about":[{"href":"https:\/\/www.telelux.es\/es\/wp-json\/wp\/v2\/types\/page"}],"author":[{"embeddable":true,"href":"https:\/\/www.telelux.es\/es\/wp-json\/wp\/v2\/users\/3"}],"replies":[{"embeddable":true,"href":"https:\/\/www.telelux.es\/es\/wp-json\/wp\/v2\/comments?post=2637"}],"version-history":[{"count":25,"href":"https:\/\/www.telelux.es\/es\/wp-json\/wp\/v2\/pages\/2637\/revisions"}],"predecessor-version":[{"id":3102,"href":"https:\/\/www.telelux.es\/es\/wp-json\/wp\/v2\/pages\/2637\/revisions\/3102"}],"wp:attachment":[{"href":"https:\/\/www.telelux.es\/es\/wp-json\/wp\/v2\/media?parent=2637"}],"curies":[{"name":"wp","href":"https:\/\/api.w.org\/{rel}","templated":true}]}}