{"id":2387,"date":"2018-05-16T14:35:24","date_gmt":"2018-05-16T14:35:24","guid":{"rendered":"http:\/\/www.telelux.es\/?page_id=2387"},"modified":"2019-01-26T08:19:19","modified_gmt":"2019-01-26T08:19:19","slug":"rock-bolo-discomovil","status":"publish","type":"page","link":"https:\/\/www.telelux.es\/es\/esdeveniments\/rock-bolo-discomovil\/","title":{"rendered":"Rock &#038; Bolo discom\u00f2bil"},"content":{"rendered":"<div id=\"pl-2387\"  class=\"panel-layout\" ><div id=\"pg-2387-0\"  class=\"panel-grid panel-no-style\" ><div id=\"pgc-2387-0-0\"  class=\"panel-grid-cell\" ><div id=\"panel-2387-0-0-0\" class=\"so-panel widget widget_sow-editor panel-first-child panel-last-child\" data-index=\"0\" ><div class=\"panel-widget-style panel-widget-style-for-2387-0-0-0\" ><div\n\t\t\t\n\t\t\tclass=\"so-widget-sow-editor so-widget-sow-editor-base\"\n\t\t\t\n\t\t>\n<div class=\"siteorigin-widget-tinymce textwidget\">\n\t<p>&nbsp;<\/p>\n<h1><\/h1>\n<p>&nbsp;<\/p>\n<h1><\/h1>\n<h1 style=\"text-align: center;\"><em><span style=\"color: #ffffff;\">Rock and Bolo Discom\u00f3vil<\/span><\/em><\/h1>\n<\/div>\n<\/div><\/div><\/div><\/div><\/div><div id=\"pg-2387-1\"  class=\"panel-grid panel-has-style\" ><div class=\"siteorigin-panels-stretch panel-row-style-full-width panel-row-style panel-row-style-for-2387-1\" style=\"background-color: #dbdbdb; \" data-stretch-type=\"full\" ><div id=\"pgc-2387-1-0\"  class=\"panel-grid-cell\" ><div id=\"panel-2387-1-0-0\" class=\"so-panel widget widget_sow-editor panel-first-child panel-last-child\" data-index=\"1\" ><div\n\t\t\t\n\t\t\tclass=\"so-widget-sow-editor so-widget-sow-editor-base\"\n\t\t\t\n\t\t>\n<div class=\"siteorigin-widget-tinymce textwidget\">\n\t<h1 style=\"text-align: center;\">Hay ganas de fiesta?\u00a0 <a href=\"http:\/\/www.telelux.es\/esdeveniments\/rock-bolo-discomovil\/precios-discoteca-movil\/\">Precios<\/a><\/h1>\n<\/div>\n<\/div><\/div><\/div><\/div><\/div><div id=\"pg-2387-2\"  class=\"panel-grid panel-has-style\" ><div class=\"siteorigin-panels-stretch panel-row-style-full-width panel-row-style panel-row-style-for-2387-2\" data-stretch-type=\"full\" ><div id=\"pgc-2387-2-0\"  class=\"panel-grid-cell\" ><div id=\"panel-2387-2-0-0\" class=\"so-panel widget widget_sow-image panel-first-child\" data-index=\"2\" ><div\n\t\t\t\n\t\t\tclass=\"so-widget-sow-image so-widget-sow-image-default-8b5b6f678277-2387\"\n\t\t\t\n\t\t>\n\n<div class=\"sow-image-container\">\n\t\t<img src=\"https:\/\/www.telelux.es\/wp-content\/uploads\/2018\/03\/IMG-5497-1.jpg\" width=\"4032\" height=\"3024\" srcset=\"https:\/\/www.telelux.es\/wp-content\/uploads\/2018\/03\/IMG-5497-1.jpg 4032w, https:\/\/www.telelux.es\/wp-content\/uploads\/2018\/03\/IMG-5497-1-300x225.jpg 300w, https:\/\/www.telelux.es\/wp-content\/uploads\/2018\/03\/IMG-5497-1-768x576.jpg 768w, https:\/\/www.telelux.es\/wp-content\/uploads\/2018\/03\/IMG-5497-1-1024x768.jpg 1024w\" sizes=\"(max-width: 4032px) 100vw, 4032px\" title=\"IMG-5497 (1)\" alt=\"\" loading=\"lazy\" \t\tclass=\"so-widget-image\"\/>\n\t<\/div>\n\n<\/div><\/div><div id=\"panel-2387-2-0-1\" class=\"so-panel widget widget_sow-editor panel-last-child\" data-index=\"3\" ><div\n\t\t\t\n\t\t\tclass=\"so-widget-sow-editor so-widget-sow-editor-base\"\n\t\t\t\n\t\t><h3 class=\"widget-title\">\u00daltimes tecnologies<\/h3>\n<div class=\"siteorigin-widget-tinymce textwidget\">\n\t<div class=\"siteorigin-widget-tinymce textwidget\">\n<p>Trabajamos con iluminaci\u00f3n y efectos de \u00faltima generaci\u00f3n.<br \/> L\u00e0sers, luz negra, cabezas m\u00f3viles, ca\u00f1ones de confeti,\u00a0m\u00e0quinas\u00a0de humo y niebla, focos led RGB,\u00a0as\u00ed mismo cuidamos mucho la calidad del sonido con equipos\u00a0<span class=\"hiddenGrammarError\" style=\"padding-bottom: 2px; background-image: url('..\/..\/..\/..\/..\/images\/squiggle.png'); background-repeat: repeat-x; background-position: left bottom; cursor: default; color: #666666; font-family: 'Open Sans', Helvetica, Arial, sans-serif; font-size: 16px; font-style: normal; font-variant-ligatures: normal; font-variant-caps: normal; font-weight: 300; letter-spacing: normal; orphans: 2; text-align: start; text-indent: 0px; text-transform: none; white-space: normal; widows: 2; word-spacing: 0px; -webkit-text-stroke-width: 0px; text-decoration-style: initial; text-decoration-color: initial;\">DAS<\/span>\u00a0<span class=\"hiddenSpellError\">Audio<\/span>\u00a0y\u00a0<span class=\"hiddenSpellError\">LD<\/span>\u00a0<span class=\"hiddenSpellError\">Systems<\/span>, cabinas\u00a0<span class=\"hiddenSpellError\">Pionner<\/span>.<br \/> Nos adaptamos a un estilo musical o vamos por libre, tu eliges.<br \/> Contratamos DJ's reconocidos si as\u00ed nos lo solicitas.<\/p>\n<p>\u00a0<\/p>\n<\/div>\n<\/div>\n<\/div><\/div><\/div><div id=\"pgc-2387-2-1\"  class=\"panel-grid-cell\" ><div id=\"panel-2387-2-1-0\" class=\"so-panel widget widget_sow-image panel-first-child\" data-index=\"4\" ><div class=\"panel-widget-style panel-widget-style-for-2387-2-1-0\" ><div\n\t\t\t\n\t\t\tclass=\"so-widget-sow-image so-widget-sow-image-default-c67d20f9f743-2387\"\n\t\t\t\n\t\t>\n\n<div class=\"sow-image-container\">\n\t\t<img src=\"https:\/\/www.telelux.es\/wp-content\/uploads\/2018\/03\/IMG-3066-1.jpg\" width=\"1600\" height=\"900\" srcset=\"https:\/\/www.telelux.es\/wp-content\/uploads\/2018\/03\/IMG-3066-1.jpg 1600w, https:\/\/www.telelux.es\/wp-content\/uploads\/2018\/03\/IMG-3066-1-300x169.jpg 300w, https:\/\/www.telelux.es\/wp-content\/uploads\/2018\/03\/IMG-3066-1-768x432.jpg 768w, https:\/\/www.telelux.es\/wp-content\/uploads\/2018\/03\/IMG-3066-1-1024x576.jpg 1024w\" sizes=\"(max-width: 1600px) 100vw, 1600px\" title=\"IMG-3066 (1)\" alt=\"\" loading=\"lazy\" \t\tclass=\"so-widget-image\"\/>\n\t<\/div>\n\n<\/div><\/div><\/div><div id=\"panel-2387-2-1-1\" class=\"so-panel widget widget_sow-editor panel-last-child\" data-index=\"5\" ><div\n\t\t\t\n\t\t\tclass=\"so-widget-sow-editor so-widget-sow-editor-base\"\n\t\t\t\n\t\t><h3 class=\"widget-title\">Fiestas familiares<\/h3>\n<div class=\"siteorigin-widget-tinymce textwidget\">\n\t<div class=\"siteorigin-widget-tinymce textwidget\">\n<p>Si tienes cualquier evento familiar, boda, bautizo, comuni\u00f3n, cumplea\u00f1os, despedida de soltero, celebraci\u00f3n de divorcio, es decir, cualquier cosa que celebrar puedes contar con nosotros, haremos entonces un d\u00eda inolvidable.<br \/>\nEn cualquier lugar, ya sea al aire libre, en un restaurante, a una nave o local, en tu casa o de tus amigos y familiar ... disponemos de equipos de sonido y de luces para adaptarse a cualquier situaci\u00f3n , nos encanta ponerlo f\u00e1cil =<span class=\"hiddenGrammarError\" style=\"padding-bottom: 2px; background-image: url('..\/..\/..\/..\/..\/images\/squiggle.png'); background-repeat: repeat-x; background-position: left bottom; cursor: default; color: #666666; font-family: 'Open Sans', Helvetica, Arial, sans-serif; font-size: 16px; font-style: normal; font-variant-ligatures: normal; font-variant-caps: normal; font-weight: 300; letter-spacing: normal; orphans: 2; text-align: start; text-indent: 0px; text-transform: none; white-space: normal; widows: 2; word-spacing: 0px; -webkit-text-stroke-width: 0px; text-decoration-style: initial; text-decoration-color: initial;\">)<\/span><\/p>\n<p>&nbsp;<\/p>\n<\/div>\n<\/div>\n<\/div><\/div><\/div><div id=\"pgc-2387-2-2\"  class=\"panel-grid-cell\" ><div id=\"panel-2387-2-2-0\" class=\"so-panel widget widget_sow-image panel-first-child\" data-index=\"6\" ><div\n\t\t\t\n\t\t\tclass=\"so-widget-sow-image so-widget-sow-image-default-8b5b6f678277-2387\"\n\t\t\t\n\t\t>\n\n<div class=\"sow-image-container\">\n\t\t<img src=\"https:\/\/www.telelux.es\/wp-content\/uploads\/2018\/03\/IMG-4050-1.jpg\" width=\"3264\" height=\"2448\" srcset=\"https:\/\/www.telelux.es\/wp-content\/uploads\/2018\/03\/IMG-4050-1.jpg 3264w, https:\/\/www.telelux.es\/wp-content\/uploads\/2018\/03\/IMG-4050-1-300x225.jpg 300w, https:\/\/www.telelux.es\/wp-content\/uploads\/2018\/03\/IMG-4050-1-768x576.jpg 768w, https:\/\/www.telelux.es\/wp-content\/uploads\/2018\/03\/IMG-4050-1-1024x768.jpg 1024w\" sizes=\"(max-width: 3264px) 100vw, 3264px\" title=\"IMG-4050 (1)\" alt=\"\" loading=\"lazy\" \t\tclass=\"so-widget-image\"\/>\n\t<\/div>\n\n<\/div><\/div><div id=\"panel-2387-2-2-1\" class=\"so-panel widget widget_sow-editor panel-last-child\" data-index=\"7\" ><div\n\t\t\t\n\t\t\tclass=\"so-widget-sow-editor so-widget-sow-editor-base\"\n\t\t\t\n\t\t><h3 class=\"widget-title\">Vermuts y sonorizaciones<\/h3>\n<div class=\"siteorigin-widget-tinymce textwidget\">\n\t<div class=\"siteorigin-widget-tinymce textwidget\">\n<p id=\"tw-target-text\" class=\"tw-data-text tw-ta tw-text-small\" dir=\"ltr\" data-placeholder=\"Traducci\u00f3n\"><span lang=\"es\">Si lo que quieres es disfrutar de m\u00fasica ambiente a cargo de un Dj tambi\u00e9n lo tenemos para ofrecerte los vermuts m\u00e1s agradables, d\u00edgale como quieras: Vermut electr\u00f3nico, vermut rumbero, butifarrada electr\u00f3nica o cal\u00e7otada dance .... T\u00fa encargado de preparar la comida y la bebida que nosotros pondremos la m\u00fasica !!!<\/span><\/p>\n<p>\u00a0<\/p>\n<\/div>\n<\/div>\n<\/div><\/div><\/div><\/div><\/div><div id=\"pg-2387-3\"  class=\"panel-grid panel-has-style\" ><div class=\"siteorigin-panels-stretch panel-row-style-full-width panel-row-style panel-row-style-for-2387-3\" style=\"background-color: #fafafa; \" data-stretch-type=\"full-stretched\" ><div id=\"pgc-2387-3-0\"  class=\"panel-grid-cell\" ><div id=\"panel-2387-3-0-0\" class=\"so-panel widget widget_sow-features panel-first-child panel-last-child\" data-index=\"8\" ><div class=\"panel-widget-style panel-widget-style-for-2387-3-0-0\" ><div\n\t\t\t\n\t\t\tclass=\"so-widget-sow-features so-widget-sow-features-default-01666ade3978-2387\"\n\t\t\t\n\t\t>\n<div class=\"sow-features-list sow-features-responsive\">\n\n\t\t\t\t\t\t\t\t\t<div\n\t\t\t\tclass=\"sow-features-feature sow-icon-container-position-top \"\n\t\t\t\tstyle=\"display: flex; flex-direction: column; width: 33.333%;\"\n\t\t\t>\n\t\t\t\n\t\t\t\t\t\t\t\t<div\n\t\t\t\t\tclass=\"sow-icon-container sow-container-round\"\n\t\t\t\t\tstyle=\"color: #fafafa; \"\n\t\t\t\t\t>\n\t\t\t\t\t<span class=\"sow-icon-icomoon\" data-sow-icon=\"&#xe911;\"\n\t\tstyle=\"font-size: 48px; color: #f39c12\" \n\t\taria-hidden=\"true\"><\/span>\t\t\t\t<\/div>\n\t\t\t\t\n\t\t\t\t<div class=\"textwidget\">\n\t\t\t\t\t\n\t\t\t\t\t\t\t\t\t\t\t<h5>\n\t\t\t\t\t\t\t\n\t\t\t\t\t\t\tTodos los estilos musicales\t\t\t\t\t\t\t\t\t\t\t\t\t<\/h5>\n\t\t\t\t\t\n\t\t\t\t\t\t\t\t\t\t\tNos adaptamos a todo tipo de eventos, si as\u00ed nos lo indicas, pincharemos los estilos musicales que deseas.\n\n\t\t\t\t\t\n\t\t\t\t\t\t\t\t\t<\/div>\n\t\t\t\t\t\t\t\t\n\t\t\t\t\t\t\t<\/div>\n\n\t\t\t\t\t\t\t\t<div\n\t\t\t\tclass=\"sow-features-feature sow-icon-container-position-top \"\n\t\t\t\tstyle=\"display: flex; flex-direction: column; width: 33.333%;\"\n\t\t\t>\n\t\t\t\n\t\t\t\t\t\t\t\t<div\n\t\t\t\t\tclass=\"sow-icon-container sow-container-round\"\n\t\t\t\t\tstyle=\"color: #fafafa; \"\n\t\t\t\t\t>\n\t\t\t\t\t<span class=\"sow-icon-icomoon\" data-sow-icon=\"&#xe94e;\"\n\t\tstyle=\"font-size: 48px; color: #f39c12\" \n\t\taria-hidden=\"true\"><\/span>\t\t\t\t<\/div>\n\t\t\t\t\n\t\t\t\t<div class=\"textwidget\">\n\t\t\t\t\t\n\t\t\t\t\t\t\t\t\t\t\t<h5>\n\t\t\t\t\t\t\t\n\t\t\t\t\t\t\tNos adaptamos a tus horarios\t\t\t\t\t\t\t\t\t\t\t\t\t<\/h5>\n\t\t\t\t\t\n\t\t\t\t\t\t\t\t\t\t\tSea ma\u00f1ana, tarde o noche, nos adaptamos a cualquier horario.\t\t\t\t\t\n\t\t\t\t\t\t\t\t\t<\/div>\n\t\t\t\t\t\t\t\t\n\t\t\t\t\t\t\t<\/div>\n\n\t\t\t\t\t\t\t\t<div\n\t\t\t\tclass=\"sow-features-feature sow-icon-container-position-top \"\n\t\t\t\tstyle=\"display: flex; flex-direction: column; width: 33.333%;\"\n\t\t\t>\n\t\t\t\n\t\t\t\t\t\t\t\t<div\n\t\t\t\t\tclass=\"sow-icon-container sow-container-round\"\n\t\t\t\t\tstyle=\"color: #fafafa; \"\n\t\t\t\t\t>\n\t\t\t\t\t<span class=\"sow-icon-icomoon\" data-sow-icon=\"&#xe93c;\"\n\t\tstyle=\"font-size: 48px; color: #f39c12\" \n\t\taria-hidden=\"true\"><\/span>\t\t\t\t<\/div>\n\t\t\t\t\n\t\t\t\t<div class=\"textwidget\">\n\t\t\t\t\t\n\t\t\t\t\t\t\t\t\t\t\t<h5>\n\t\t\t\t\t\t\t\n\t\t\t\t\t\t\tPrecios ajustados\t\t\t\t\t\t\t\t\t\t\t\t\t<\/h5>\n\t\t\t\t\t\n\t\t\t\t\t\t\t\t\t\t\t<p id=\"tw-target-text\" class=\"tw-data-text tw-ta tw-text-small\" dir=\"ltr\" data-placeholder=\"Traducci\u00f3n\"><span lang=\"es\">Nos ajustamos a todos los bolsillos, si tienes un presupuesto cerrado y no puedes superarlo, hablemos, seguro que nos entenderemos.<\/span><\/p>\t\t\t\t\t\n\t\t\t\t\t\t\t\t\t<\/div>\n\t\t\t\t\t\t\t\t\n\t\t\t\t\t\t\t<\/div>\n\n\t\t\t\t\t\t\t\t<div\n\t\t\t\tclass=\"sow-features-feature sow-icon-container-position-top sow-features-feature-last-row\"\n\t\t\t\tstyle=\"display: flex; flex-direction: column; width: 33.333%;\"\n\t\t\t>\n\t\t\t\n\t\t\t\t\t\t\t\t<div\n\t\t\t\t\tclass=\"sow-icon-container sow-container-round\"\n\t\t\t\t\tstyle=\"color: #fafafa; \"\n\t\t\t\t\t>\n\t\t\t\t\t<span class=\"sow-icon-icomoon\" data-sow-icon=\"&#xe970;\"\n\t\tstyle=\"font-size: 48px; color: #f39c12\" \n\t\taria-hidden=\"true\"><\/span>\t\t\t\t<\/div>\n\t\t\t\t\n\t\t\t\t<div class=\"textwidget\">\n\t\t\t\t\t\n\t\t\t\t\t\t\t\t\t\t\t<h5>\n\t\t\t\t\t\t\t\n\t\t\t\t\t\t\tServicio de promoci\u00f3n en redes sociales.\t\t\t\t\t\t\t\t\t\t\t\t\t<\/h5>\n\t\t\t\t\t\n\t\t\t\t\t\t\t\t\t\t\tSi necesitas hacer eco del evento, tambi\u00e9n podemos ofrecerte el servicio de promoci\u00f3n en las redes sociales.\t\t\t\t\t\n\t\t\t\t\t\t\t\t\t<\/div>\n\t\t\t\t\t\t\t\t\n\t\t\t\t\t\t\t<\/div>\n\n\t\t\t\t\t\t\t\t<div\n\t\t\t\tclass=\"sow-features-feature sow-icon-container-position-top sow-features-feature-last-row\"\n\t\t\t\tstyle=\"display: flex; flex-direction: column; width: 33.333%;\"\n\t\t\t>\n\t\t\t\n\t\t\t\t\t\t\t\t<div\n\t\t\t\t\tclass=\"sow-icon-container sow-container-round\"\n\t\t\t\t\tstyle=\"color: #fafafa; \"\n\t\t\t\t\t>\n\t\t\t\t\t<span class=\"sow-icon-icomoon\" data-sow-icon=\"&#xe98d;\"\n\t\tstyle=\"font-size: 48px; color: #f39c12\" \n\t\taria-hidden=\"true\"><\/span>\t\t\t\t<\/div>\n\t\t\t\t\n\t\t\t\t<div class=\"textwidget\">\n\t\t\t\t\t\n\t\t\t\t\t\t\t\t\t\t\t<h5>\n\t\t\t\t\t\t\t\n\t\t\t\t\t\t\tServicio llaves en mano\t\t\t\t\t\t\t\t\t\t\t\t\t<\/h5>\n\t\t\t\t\t\n\t\t\t\t\t\t\t\t\t\t\tNos encargamos de todo, equipos de sonido, iluminaci\u00f3n, promoci\u00f3n, contrataci\u00f3n de Dj., Animadores, t\u00e9cnicos, traslado de equipos, montaje ... en definitiva, lo que llaman un servicio de Llaves en mano.\t\t\t\t\t\n\t\t\t\t\t\t\t\t\t<\/div>\n\t\t\t\t\t\t\t\t\n\t\t\t\t\t\t\t<\/div>\n\n\t\t\t\t\t\t\t\t<div\n\t\t\t\tclass=\"sow-features-feature sow-icon-container-position-top sow-features-feature-last-row\"\n\t\t\t\tstyle=\"display: flex; flex-direction: column; width: 33.333%;\"\n\t\t\t>\n\t\t\t\n\t\t\t\t\t\t\t\t<div\n\t\t\t\t\tclass=\"sow-icon-container sow-container-round\"\n\t\t\t\t\tstyle=\"color: #fafafa; \"\n\t\t\t\t\t>\n\t\t\t\t\t<span class=\"sow-icon-icomoon\" data-sow-icon=\"&#xea10;\"\n\t\tstyle=\"font-size: 48px; color: #f39c12\" \n\t\taria-hidden=\"true\"><\/span>\t\t\t\t<\/div>\n\t\t\t\t\n\t\t\t\t<div class=\"textwidget\">\n\t\t\t\t\t\n\t\t\t\t\t\t\t\t\t\t\t<h5>\n\t\t\t\t\t\t\t\n\t\t\t\t\t\t\tSatisfacci\u00f3n garantizada\t\t\t\t\t\t\t\t\t\t\t\t\t<\/h5>\n\t\t\t\t\t\n\t\t\t\t\t\t\t\t\t\t\t<p id=\"tw-target-text\" class=\"tw-data-text tw-ta tw-text-small\" dir=\"ltr\" data-placeholder=\"Traducci\u00f3n\"><span lang=\"es\">No lo pienses m\u00e1s, todos nuestros clientes repiten evento tras evento, Contr\u00e1tanos y ver\u00e1s que nos encanta ponerlo f\u00e1cil.<\/span><\/p>\t\t\t\t\t\n\t\t\t\t\t\t\t\t\t<\/div>\n\t\t\t\t\t\t\t\t\n\t\t\t\t\t\t\t<\/div>\n\n\t\t\t\n<\/div>\n<\/div><\/div><\/div><\/div><\/div><\/div><div id=\"pg-2387-4\"  class=\"panel-grid panel-has-style\" ><div class=\"panel-row-style panel-row-style-for-2387-4\" ><div id=\"pgc-2387-4-0\"  class=\"panel-grid-cell\" ><div id=\"panel-2387-4-0-0\" class=\"so-panel widget widget_sow-headline panel-first-child panel-last-child\" data-index=\"9\" ><div class=\"panel-widget-style panel-widget-style-for-2387-4-0-0\" ><div\n\t\t\t\n\t\t\tclass=\"so-widget-sow-headline so-widget-sow-headline-default-27909bb97d97-2387\"\n\t\t\t\n\t\t><div class=\"sow-headline-container \">\n\t<h1 class='sow-headline'> \"Hacemos de tus fiestas un d\u00eda inolvidable\"<\/h1><h3 class='sow-sub-headline'>Rock &amp; Bolo<\/h3><\/div>\n<\/div><\/div><\/div><\/div><\/div><\/div><div id=\"pg-2387-5\"  class=\"panel-grid panel-has-style\" ><div class=\"siteorigin-panels-stretch panel-row-style-full-width panel-row-style panel-row-style-for-2387-5\" style=\"background-color: #fafafa; \" data-stretch-type=\"full\" ><div id=\"pgc-2387-5-0\"  class=\"panel-grid-cell\" ><div id=\"panel-2387-5-0-0\" class=\"so-panel widget panel-first-child panel-last-child\" data-index=\"10\" ><\/div><\/div><\/div><\/div><div id=\"pg-2387-6\"  class=\"panel-grid panel-has-style\" ><div class=\"siteorigin-panels-stretch panel-row-style-full-width panel-row-style panel-row-style-for-2387-6\" style=\"background-color: #333333; \" data-stretch-type=\"full\" ><div id=\"pgc-2387-6-0\"  class=\"panel-grid-cell panel-grid-cell-empty\" ><\/div><div id=\"pgc-2387-6-1\"  class=\"panel-grid-cell panel-grid-cell-mobile-last\" ><div id=\"panel-2387-6-1-0\" class=\"so-panel widget widget_sow-headline panel-first-child\" data-index=\"11\" ><div\n\t\t\t\n\t\t\tclass=\"so-widget-sow-headline so-widget-sow-headline-default-4ea95fb8ade8-2387\"\n\t\t\t\n\t\t><div class=\"sow-headline-container \">\n\t<h1 class='sow-headline'>CONNECTA'T<\/h1>\t\t\t\t\t<div class=\"decoration\">\n\t\t\t\t\t\t<div class=\"decoration-inside\"><\/div>\n\t\t\t\t\t<\/div>\n\t\t\t\t\t<\/div>\n<\/div><\/div><div id=\"panel-2387-6-1-1\" class=\"so-panel widget widget_sow-social-media-buttons panel-last-child\" data-index=\"12\" ><div\n\t\t\t\n\t\t\tclass=\"so-widget-sow-social-media-buttons so-widget-sow-social-media-buttons-flat-580b056fb9ab-2387\"\n\t\t\t\n\t\t>\n\n<div class=\"social-media-button-container\">\n\t\n\t\t<a class=\"ow-button-hover sow-social-media-button-facebook-0 sow-social-media-button\" title=\"Telelux en Facebook\" aria-label=\"Telelux en Facebook\" target=\"_blank\" rel=\"noopener noreferrer\" href=\"https:\/\/www.facebook.com\/rockandbolo\" >\n\t\t\t<span>\n\t\t\t\t\t\t\t\t<span class=\"sow-icon-fontawesome sow-fab\" data-sow-icon=\"&#xf39e;\"\n\t\t \n\t\taria-hidden=\"true\"><\/span>\t\t\t\t\t\t\t<\/span>\n\t\t<\/a>\n\t\n\t\t<a class=\"ow-button-hover sow-social-media-button-instagram-0 sow-social-media-button\" title=\"Telelux en Instagram\" aria-label=\"Telelux en Instagram\" target=\"_blank\" rel=\"noopener noreferrer\" href=\"https:\/\/instagram.com\/rockandbolo\" >\n\t\t\t<span>\n\t\t\t\t\t\t\t\t<span class=\"sow-icon-fontawesome sow-fab\" data-sow-icon=\"&#xf16d;\"\n\t\t \n\t\taria-hidden=\"true\"><\/span>\t\t\t\t\t\t\t<\/span>\n\t\t<\/a>\n\t<\/div>\n<\/div><\/div><\/div><div id=\"pgc-2387-6-2\"  class=\"panel-grid-cell panel-grid-cell-empty\" ><\/div><\/div><\/div><\/div>","protected":false},"excerpt":{"rendered":"<p>&nbsp; &nbsp; Rock and Bolo Discom\u00f3vil Hay ganas de fiesta?\u00a0 Precios<\/p>\n","protected":false},"author":3,"featured_media":0,"parent":2637,"menu_order":0,"comment_status":"closed","ping_status":"closed","template":"home-panels.php","meta":[],"aioseo_notices":[],"_links":{"self":[{"href":"https:\/\/www.telelux.es\/es\/wp-json\/wp\/v2\/pages\/2387"}],"collection":[{"href":"https:\/\/www.telelux.es\/es\/wp-json\/wp\/v2\/pages"}],"about":[{"href":"https:\/\/www.telelux.es\/es\/wp-json\/wp\/v2\/types\/page"}],"author":[{"embeddable":true,"href":"https:\/\/www.telelux.es\/es\/wp-json\/wp\/v2\/users\/3"}],"replies":[{"embeddable":true,"href":"https:\/\/www.telelux.es\/es\/wp-json\/wp\/v2\/comments?post=2387"}],"version-history":[{"count":26,"href":"https:\/\/www.telelux.es\/es\/wp-json\/wp\/v2\/pages\/2387\/revisions"}],"predecessor-version":[{"id":3045,"href":"https:\/\/www.telelux.es\/es\/wp-json\/wp\/v2\/pages\/2387\/revisions\/3045"}],"up":[{"embeddable":true,"href":"https:\/\/www.telelux.es\/es\/wp-json\/wp\/v2\/pages\/2637"}],"wp:attachment":[{"href":"https:\/\/www.telelux.es\/es\/wp-json\/wp\/v2\/media?parent=2387"}],"curies":[{"name":"wp","href":"https:\/\/api.w.org\/{rel}","templated":true}]}}