{"id":549,"date":"2018-03-15T11:27:01","date_gmt":"2018-03-15T11:27:01","guid":{"rendered":"http:\/\/www.telelux.es\/wordpress\/?page_id=549"},"modified":"2018-04-18T13:54:19","modified_gmt":"2018-04-18T13:54:19","slug":"il%c2%b7luminacio-espectacular","status":"publish","type":"page","link":"https:\/\/www.telelux.es\/ca\/so-professional-iluminacio-espectacular\/il%c2%b7luminacio-espectacular\/","title":{"rendered":"Il\u00b7luminaci\u00f3 espectacular"},"content":{"rendered":"<div id=\"pl-549\"  class=\"panel-layout\" ><div id=\"pg-549-0\"  class=\"panel-grid panel-has-style\" ><div class=\"siteorigin-panels-stretch panel-row-style-full-width panel-row-style panel-row-style-for-549-0\" data-stretch-type=\"full-stretched\" ><div id=\"pgc-549-0-0\"  class=\"panel-grid-cell\" ><div id=\"panel-549-0-0-0\" class=\"so-panel widget widget_sow-editor panel-first-child panel-last-child\" data-index=\"0\" ><div\n\t\t\t\n\t\t\tclass=\"so-widget-sow-editor so-widget-sow-editor-base\"\n\t\t\t\n\t\t>\n<div class=\"siteorigin-widget-tinymce textwidget\">\n\t<h1 style=\"text-align: center;\">Venda, instal\u00b7laci\u00f3, manteniment i reparaci\u00f3 d'equips d'il\u00b7luminaci\u00f3 espectacular i esc\u00e9nica.<\/h1>\n<h3 style=\"text-align: center;\">Flash, llum negre, caps m\u00f2bils, llums RGM, mapeig i pixels, m\u00e0quines de fum i boira, lasers...<br \/>Discoteques, discom\u00f2bils, pub's, karaokes, restaurats, bar, xiringuitos, museus, hotels, sales de festes, m\u00fasics, fires, entitats, associacions, teatres, casals, etc...<\/h3>\n<\/div>\n<\/div><\/div><\/div><\/div><\/div><div id=\"pg-549-1\"  class=\"panel-grid panel-has-style\" ><div class=\"siteorigin-panels-stretch panel-row-style-full-width panel-row-style panel-row-style-for-549-1\" data-stretch-type=\"full-stretched\" ><div id=\"pgc-549-1-0\"  class=\"panel-grid-cell\" ><div id=\"panel-549-1-0-0\" class=\"so-panel widget widget_sow-editor panel-first-child panel-last-child\" data-index=\"1\" ><div class=\"panel-widget-style panel-widget-style-for-549-1-0-0\" ><div\n\t\t\t\n\t\t\tclass=\"so-widget-sow-editor so-widget-sow-editor-base\"\n\t\t\t\n\t\t>\n<div class=\"siteorigin-widget-tinymce textwidget\">\n\t<h1 style=\"color: #fff;\">IL\u00b7LUMINEM ELS ESPAIS PER FER-LOS AGRADABLES I ACOLLIDORS<\/h1>\n<p style=\"color: #fff; font-size: 1.0em;\">\n<\/div>\n<\/div><\/div><\/div><\/div><\/div><\/div><div id=\"pg-549-2\"  class=\"panel-grid panel-has-style\" ><div class=\"siteorigin-panels-stretch panel-row-style-full-width panel-row-style panel-row-style-for-549-2\" data-stretch-type=\"full-stretched\" ><div id=\"pgc-549-2-0\"  class=\"panel-grid-cell\" ><div id=\"panel-549-2-0-0\" class=\"so-panel widget widget_sow-editor panel-first-child panel-last-child\" data-index=\"2\" ><div class=\"panel-widget-style panel-widget-style-for-549-2-0-0\" ><div\n\t\t\t\n\t\t\tclass=\"so-widget-sow-editor so-widget-sow-editor-base\"\n\t\t\t\n\t\t>\n<div class=\"siteorigin-widget-tinymce textwidget\">\n\t<h1 style=\"color: #FFF;\">VENDA I INSTAL\u00b7LACI\u00d3 DE LASERS RGB<\/h1>\n<p style=\"color: #FFF; font-size: 1.0em;\">\n<\/div>\n<\/div><\/div><\/div><\/div><\/div><\/div><div id=\"pg-549-3\"  class=\"panel-grid panel-has-style\" ><div class=\"siteorigin-panels-stretch panel-row-style-full-width panel-row-style panel-row-style-for-549-3\" data-stretch-type=\"full-stretched\" ><div id=\"pgc-549-3-0\"  class=\"panel-grid-cell\" ><div id=\"panel-549-3-0-0\" class=\"so-panel widget widget_sow-editor panel-first-child panel-last-child\" data-index=\"3\" ><div class=\"panel-widget-style panel-widget-style-for-549-3-0-0\" ><div\n\t\t\t\n\t\t\tclass=\"so-widget-sow-editor so-widget-sow-editor-base\"\n\t\t\t\n\t\t>\n<div class=\"siteorigin-widget-tinymce textwidget\">\n\t<h1 style=\"color: #FFF;\">CAPS M\u00d2BILS I SCANNERS<\/h1>\n<p style=\"color: #FFF; font-size: 1.0em;\">\n<\/div>\n<\/div><\/div><\/div><\/div><\/div><\/div><div id=\"pg-549-4\"  class=\"panel-grid panel-has-style\" ><div class=\"siteorigin-panels-stretch panel-row-style-full-width panel-row-style panel-row-style-for-549-4\" data-stretch-type=\"full-stretched\" ><div id=\"pgc-549-4-0\"  class=\"panel-grid-cell\" ><div id=\"panel-549-4-0-0\" class=\"so-panel widget widget_sow-editor panel-first-child panel-last-child\" data-index=\"4\" ><div class=\"panel-widget-style panel-widget-style-for-549-4-0-0\" ><div\n\t\t\t\n\t\t\tclass=\"so-widget-sow-editor so-widget-sow-editor-base\"\n\t\t\t\n\t\t>\n<div class=\"siteorigin-widget-tinymce textwidget\">\n\t<h1 style=\"color: #FFF;\">VENDA I INSTAL\u00b7LACI\u00d3 D'EFECTES DE LLUM M\u00d2BILS PER A BARS MUSICALS, RESTAURANTS, PUB'S, DISCOTEQUES, ETC...<\/h1>\n<p style=\"color: #FFF; font-size: 1.0em;\">\n<\/div>\n<\/div><\/div><\/div><\/div><\/div><\/div><div id=\"pg-549-5\"  class=\"panel-grid panel-has-style\" ><div class=\"siteorigin-panels-stretch panel-row-style-full-width panel-row-style panel-row-style-for-549-5\" data-stretch-type=\"full-stretched\" ><div id=\"pgc-549-5-0\"  class=\"panel-grid-cell\" ><div id=\"panel-549-5-0-0\" class=\"so-panel widget widget_sow-editor panel-first-child panel-last-child\" data-index=\"5\" ><div class=\"panel-widget-style panel-widget-style-for-549-5-0-0\" ><div\n\t\t\t\n\t\t\tclass=\"so-widget-sow-editor so-widget-sow-editor-base\"\n\t\t\t\n\t\t>\n<div class=\"siteorigin-widget-tinymce textwidget\">\n\t<h1 style=\"color: #FFF;\">MULTIEFECTES PER A AFICIONATS I PETITS GRUPS MUSICALS, SISTEMES TOT EN UN PER FACILITAR EL MUNTATGE I TRASLLAT DELS EQUIPS<\/h1>\n<p style=\"color: #FFF; font-size: 1.0em;\">\n<\/div>\n<\/div><\/div><\/div><\/div><\/div><\/div><div id=\"pg-549-6\"  class=\"panel-grid panel-has-style\" ><div class=\"siteorigin-panels-stretch panel-row-style-full-width panel-row-style panel-row-style-for-549-6\" style=\"background-color: #000000; \" data-stretch-type=\"full-stretched\" ><div id=\"pgc-549-6-0\"  class=\"panel-grid-cell\" ><div id=\"panel-549-6-0-0\" class=\"so-panel widget widget_sow-editor panel-first-child panel-last-child\" data-index=\"6\" ><div class=\"panel-widget-style panel-widget-style-for-549-6-0-0\" ><div\n\t\t\t\n\t\t\tclass=\"so-widget-sow-editor so-widget-sow-editor-base\"\n\t\t\t\n\t\t>\n<div class=\"siteorigin-widget-tinymce textwidget\">\n\t<h1 style=\"color: #FFF;\">MATRIUS I PANTALLES MULTIPIXELS<\/h1>\n<p style=\"color: #FFF; font-size: 1.0em;\">\n<\/div>\n<\/div><\/div><\/div><\/div><\/div><\/div><div id=\"pg-549-7\"  class=\"panel-grid panel-has-style\" ><div class=\"siteorigin-panels-stretch panel-row-style-full-width panel-row-style panel-row-style-for-549-7\" style=\"background-color: #000000; \" data-stretch-type=\"full-stretched\" ><div id=\"pgc-549-7-0\"  class=\"panel-grid-cell\" ><div id=\"panel-549-7-0-0\" class=\"so-panel widget widget_metaslider_widget panel-first-child panel-last-child\" data-index=\"7\" ><div class=\"panel-widget-style panel-widget-style-for-549-7-0-0\" ><div id=\"metaslider-id-2070\" style=\"max-width: 900px; margin: 0 auto;\" class=\"ml-slider-3-31-0 metaslider metaslider-coin metaslider-2070 ml-slider margin-bottom: 0;  ms-theme-default\">\n    <div id=\"metaslider_container_2070\">\n        <div id='metaslider_2070' class='coin-slider'>\n<a href=\"javascript:void(0)\" target=\"_self\"><img width=\"1000\" height=\"1000\" src=\"https:\/\/www.telelux.es\/wp-content\/uploads\/2018\/03\/flash4.jpg\" class=\"slider-2070 slide-2072\" alt=\"\" decoding=\"async\" loading=\"lazy\" rel=\"\" title=\"flash4\" style=\"display: none;\" srcset=\"https:\/\/www.telelux.es\/wp-content\/uploads\/2018\/03\/flash4.jpg 1000w, https:\/\/www.telelux.es\/wp-content\/uploads\/2018\/03\/flash4-150x150.jpg 150w, https:\/\/www.telelux.es\/wp-content\/uploads\/2018\/03\/flash4-300x300.jpg 300w, https:\/\/www.telelux.es\/wp-content\/uploads\/2018\/03\/flash4-768x768.jpg 768w\" sizes=\"(max-width: 1000px) 100vw, 1000px\" \/><\/a>\n<a href=\"javascript:void(0)\" target=\"_self\"><img width=\"1000\" height=\"1000\" src=\"https:\/\/www.telelux.es\/wp-content\/uploads\/2018\/03\/flash5.jpg\" class=\"slider-2070 slide-2073\" alt=\"\" decoding=\"async\" loading=\"lazy\" rel=\"\" title=\"flash5\" style=\"display: none;\" srcset=\"https:\/\/www.telelux.es\/wp-content\/uploads\/2018\/03\/flash5.jpg 1000w, https:\/\/www.telelux.es\/wp-content\/uploads\/2018\/03\/flash5-150x150.jpg 150w, https:\/\/www.telelux.es\/wp-content\/uploads\/2018\/03\/flash5-300x300.jpg 300w, https:\/\/www.telelux.es\/wp-content\/uploads\/2018\/03\/flash5-768x768.jpg 768w\" sizes=\"(max-width: 1000px) 100vw, 1000px\" \/><\/a>\n        <\/div>\n        \n    <\/div>\n<\/div><\/div><\/div><\/div><\/div><\/div><div id=\"pg-549-8\"  class=\"panel-grid panel-has-style\" ><div class=\"siteorigin-panels-stretch panel-row-style-full-width panel-row-style panel-row-style-for-549-8\" data-stretch-type=\"full-stretched\" ><div id=\"pgc-549-8-0\"  class=\"panel-grid-cell\" ><div id=\"panel-549-8-0-0\" class=\"so-panel widget widget_sow-editor panel-first-child panel-last-child\" data-index=\"8\" ><div class=\"panel-widget-style panel-widget-style-for-549-8-0-0\" ><div\n\t\t\t\n\t\t\tclass=\"so-widget-sow-editor so-widget-sow-editor-base\"\n\t\t\t\n\t\t>\n<div class=\"siteorigin-widget-tinymce textwidget\">\n\t<h1 style=\"color: #FFF;\">CANONS DE CONFETI, SERPENTINES, MAQUINES DE FUM<\/h1>\n<p style=\"color: #FFF; font-size: 1.0em;\">\n<\/div>\n<\/div><\/div><\/div><\/div><\/div><\/div><div id=\"pg-549-9\"  class=\"panel-grid panel-no-style\" ><div id=\"pgc-549-9-0\"  class=\"panel-grid-cell\" ><div id=\"panel-549-9-0-0\" class=\"so-panel widget widget_sow-editor panel-first-child panel-last-child\" data-index=\"9\" ><div\n\t\t\t\n\t\t\tclass=\"so-widget-sow-editor so-widget-sow-editor-base\"\n\t\t\t\n\t\t><h3 class=\"widget-title\">                                                                 LLOGUER D'EQUIPS AMB T\u00c8CNIC<\/h3>\n<div class=\"siteorigin-widget-tinymce textwidget\">\n\t<p class=\"rtejustify\" style=\"text-align: center;\">Treballem per a tot tipus de clients: Particulars, entitats, empreses, ajuntaments.<\/p>\n<p style=\"text-align: center;\">Si tens previst fer qualsevol tipus d'esdeveniment o et cal llogar equips de so, projectors, estructures truss, il\u00b7luminaci\u00f3 contacta amb nosaltres, <a href=\"http:\/\/www.telelux.es\/esdeveniments\/lloguer-dequips\/\">si fas click aqu\u00ed veuras que lloguem<\/a>, ens agrada posar les coses f\u00e0cils.<\/p>\n<p style=\"text-align: center;\">Treballem per donar-te solucions, no problemes.<\/p>\n<\/div>\n<\/div><\/div><\/div><\/div><div id=\"pg-549-10\"  class=\"panel-grid panel-has-style\" ><div class=\"siteorigin-panels-stretch panel-row-style-full-width panel-row-style panel-row-style-for-549-10\" style=\"background-color: #ffa93a; \" data-stretch-type=\"full-stretched\" ><div id=\"pgc-549-10-0\"  class=\"panel-grid-cell\" ><div id=\"panel-549-10-0-0\" class=\"widget_text so-panel widget widget_custom_html panel-first-child\" data-index=\"10\" ><div class=\"textwidget custom-html-widget\">\n<div class=\"wpcf7 no-js\" id=\"wpcf7-f1181-o1\" lang=\"es-ES\" dir=\"ltr\">\n<div class=\"screen-reader-response\"><p role=\"status\" aria-live=\"polite\" aria-atomic=\"true\"><\/p> <ul><\/ul><\/div>\n<form action=\"\/ca\/wp-json\/wp\/v2\/pages\/549#wpcf7-f1181-o1\" method=\"post\" class=\"wpcf7-form init\" aria-label=\"Formulario de contacto\" novalidate=\"novalidate\" data-status=\"init\">\n<div style=\"display: none;\">\n<input type=\"hidden\" name=\"_wpcf7\" value=\"1181\" \/>\n<input type=\"hidden\" name=\"_wpcf7_version\" value=\"5.7.7\" \/>\n<input type=\"hidden\" name=\"_wpcf7_locale\" value=\"es_ES\" \/>\n<input type=\"hidden\" name=\"_wpcf7_unit_tag\" value=\"wpcf7-f1181-o1\" \/>\n<input type=\"hidden\" name=\"_wpcf7_container_post\" value=\"0\" \/>\n<input type=\"hidden\" name=\"_wpcf7_posted_data_hash\" value=\"\" \/>\n<input type=\"hidden\" name=\"_wpcf7_recaptcha_response\" value=\"\" \/>\n<\/div>\n<div style=\"width:70%; padding:0; margin-left: auto; margin-right: auto;\">\n\t<h4 style=\"text-align: center; margin-bottom: 2rem;\"><i class=\"fa fa-comments-o\"><\/i> FES-NOS LA TEVA CONSULTA\n\t<\/h4>\n\t<div style=\"width: 45%; display: inline-block; margin: 0; vertical-align: top;\">\n\t\t<p><span class=\"wpcf7-form-control-wrap\" data-name=\"your-name\"><input size=\"40\" class=\"wpcf7-form-control wpcf7-text wpcf7-validates-as-required\" aria-required=\"true\" aria-invalid=\"false\" value=\"El teu nom*\" type=\"text\" name=\"your-name\" \/><\/span>\n\t\t<\/p>\n\t\t<p><span class=\"wpcf7-form-control-wrap\" data-name=\"your-email\"><input size=\"40\" class=\"wpcf7-form-control wpcf7-text wpcf7-email wpcf7-validates-as-required wpcf7-validates-as-email\" aria-required=\"true\" aria-invalid=\"false\" value=\"El teu email*\" type=\"email\" name=\"your-email\" \/><\/span>\n\t\t<\/p>\n\t\t<p><span class=\"wpcf7-form-control-wrap\" data-name=\"your-subject\"><input size=\"40\" class=\"wpcf7-form-control wpcf7-text\" aria-invalid=\"false\" value=\"Assumpte\" type=\"text\" name=\"your-subject\" \/><\/span>\n\t\t<\/p>\n\t\t<p>Els camps marcats amb * s\u00f3n obligatoris.\n\t\t<\/p>\n\t<\/div>\n\t<div style=\"width: 50%; display: inline-block; margin: 0\">\n\t\t<p><span class=\"wpcf7-form-control-wrap\" data-name=\"your-message\"><textarea cols=\"50\" rows=\"4\" class=\"wpcf7-form-control wpcf7-textarea wpcf7-validates-as-required\" aria-required=\"true\" aria-invalid=\"false\" name=\"your-message\">Escriu aqu\u00ed el teu missatge*<\/textarea><\/span>\n\t\t<\/p>\n\t\t<p><span class=\"wpcf7-form-control-wrap\" data-name=\"acceptance-854\"><span class=\"wpcf7-form-control wpcf7-acceptance\"><span class=\"wpcf7-list-item\"><label><input type=\"checkbox\" name=\"acceptance-854\" value=\"1\" aria-invalid=\"false\" \/><span class=\"wpcf7-list-item-label\">He leido y acepto la <a href=\"\/politica-de-privacidad\">politica de privacidad<\/a><\/span><\/label><\/span><\/span><\/span>\n\t\t<\/p>\n\t\t<p>\n\t\t<input class=\"wpcf7-form-control has-spinner wpcf7-submit\" type=\"submit\" value=\"Enviar\" \/>\n\t\t<\/p>\n\t<\/div>\n<\/div><p style=\"display: none !important;\"><label>&#916;<textarea name=\"_wpcf7_ak_hp_textarea\" cols=\"45\" rows=\"8\" maxlength=\"100\"><\/textarea><\/label><input type=\"hidden\" id=\"ak_js_1\" name=\"_wpcf7_ak_js\" value=\"52\"\/><script>document.getElementById( \"ak_js_1\" ).setAttribute( \"value\", ( new Date() ).getTime() );<\/script><\/p><div class=\"wpcf7-response-output\" aria-hidden=\"true\"><\/div>\n<\/form>\n<\/div>\n<\/div><\/div><div id=\"panel-549-10-0-1\" class=\"so-panel widget widget_sow-editor panel-last-child\" data-index=\"11\" ><div\n\t\t\t\n\t\t\tclass=\"so-widget-sow-editor so-widget-sow-editor-base\"\n\t\t\t\n\t\t><h3 class=\"widget-title\">                       <\/h3>\n<div class=\"siteorigin-widget-tinymce textwidget\">\n\t<h6 class=\"rtejustify\" style=\"text-align: center;\">Treballem a qualsevol poblaci\u00f3: El Vendrell, Santa Oliva, Banyeres del Pened\u00e8s, Lloren\u00e7 del Pened\u00e8s, Sant Jaume dels Domenys, La R\u00e0pita, Vilafranca del Pened\u00e8s, Santa Margarida i els Monjos, Clariana, L'Arbo\u00e7, Banyeres del Pened\u00e8s, Calafell, Segur de Calafell, Cunit, Cubelles, Vilanova i la Geltr\u00fa, Sant Pere de Ribes, Sitges, Roda de Bar\u00e0, Bonastre, Creixell, Torredembarra, Els Pallaresos, Altafulla, Tarragona, Reus, Salou, Vila-Seca, Coma-Ruga, El Franc\u00e0s, La Nau de Gaia, Riera de Gaia i a les comarques del Baix Pened\u00e8s, Alt Pened\u00e8s, Garraf, Tarragon\u00e8s, Alt Camp, Baix Camp, Barcelon\u00e9s, Baix Llobregatm Terres del Ebre i all\u00e0 on ens ho demanis.<\/h6>\n<\/div>\n<\/div><\/div><\/div><\/div><\/div><\/div>","protected":false},"excerpt":{"rendered":"<p>Venda, instal\u00b7laci\u00f3, manteniment i reparaci\u00f3 d&#8217;equips d&#8217;il\u00b7luminaci\u00f3 espectacular i esc\u00e9nica. Flash, llum negre, caps m\u00f2bils, llums RGM, mapeig i pixels, m\u00e0quines de fum i boira, lasers&#8230;Discoteques, discom\u00f2bils, pub&#8217;s, karaokes, restaurats, bar, xiringuitos, museus, hotels, sales de festes, m\u00fasics, fires, entitats, associacions, teatres, casals, etc&#8230; IL\u00b7LUMINEM ELS ESPAIS PER FER-LOS AGRADABLES I ACOLLIDORS<\/p>\n","protected":false},"author":3,"featured_media":0,"parent":317,"menu_order":0,"comment_status":"closed","ping_status":"closed","template":"home-panels.php","meta":[],"aioseo_notices":[],"_links":{"self":[{"href":"https:\/\/www.telelux.es\/ca\/wp-json\/wp\/v2\/pages\/549"}],"collection":[{"href":"https:\/\/www.telelux.es\/ca\/wp-json\/wp\/v2\/pages"}],"about":[{"href":"https:\/\/www.telelux.es\/ca\/wp-json\/wp\/v2\/types\/page"}],"author":[{"embeddable":true,"href":"https:\/\/www.telelux.es\/ca\/wp-json\/wp\/v2\/users\/3"}],"replies":[{"embeddable":true,"href":"https:\/\/www.telelux.es\/ca\/wp-json\/wp\/v2\/comments?post=549"}],"version-history":[{"count":110,"href":"https:\/\/www.telelux.es\/ca\/wp-json\/wp\/v2\/pages\/549\/revisions"}],"predecessor-version":[{"id":2302,"href":"https:\/\/www.telelux.es\/ca\/wp-json\/wp\/v2\/pages\/549\/revisions\/2302"}],"up":[{"embeddable":true,"href":"https:\/\/www.telelux.es\/ca\/wp-json\/wp\/v2\/pages\/317"}],"wp:attachment":[{"href":"https:\/\/www.telelux.es\/ca\/wp-json\/wp\/v2\/media?parent=549"}],"curies":[{"name":"wp","href":"https:\/\/api.w.org\/{rel}","templated":true}]}}