{"id":481,"date":"2018-03-09T15:26:29","date_gmt":"2018-03-09T15:26:29","guid":{"rendered":"http:\/\/www.telelux.es\/wordpress\/?page_id=481"},"modified":"2018-03-09T15:31:19","modified_gmt":"2018-03-09T15:31:19","slug":"obra-nova-ict-ict2","status":"publish","type":"page","link":"https:\/\/www.telelux.es\/ca\/telecomunicacions\/obra-nova-ict-ict2\/","title":{"rendered":"Obra nova ICT &#8211; ICT2"},"content":{"rendered":"<p><em><strong><img decoding=\"async\" loading=\"lazy\" class=\"alignleft\" src=\"http:\/\/www.telelux.es\/sites\/default\/files\/logo_ict.jpg\" alt=\"\" width=\"100\" height=\"86\" \/><\/strong><\/em>\u00b7 Edificacions unifamiliars.<br \/>\n\u00b7 Edificacions Plurifamiliars.<br \/>\n\u00b7\u00a0Xarxes\u00a0de\u00a0<span class=\"hiddenSpellError\">CATV<\/span>.<br \/>\n\u00b7\u00a0Comunicacions\u00a0en naus industrials.<\/p>\n<p>&nbsp;<\/p>\n<p>Realitzem instal\u00b7lacions d&#8217;<span class=\"hiddenSpellError\">ICT<\/span>\u00a0a obra nova. Hem realitzat instal\u00b7lacions en m\u00e9s de 10.000\u00a0habitatges\u00a0d&#8217;obra nova, tant d&#8217;\u00e0mbit unifamiliar com plurifamiliars.<\/p>\n<p>Oferim serveis complets &#8220;Clau en m\u00e0&#8221;, Realitzaci\u00f3, visat i registre dels projectes\u00a0<span class=\"hiddenSpellError\">ICT<\/span>\u00a0aix\u00ed com\u00a0dels butlletins, protocols de proves i sol\u00b7licitud del certificat final d&#8217;una\u00a0<span class=\"hiddenSpellError\">ICT<\/span>. Per a la realitzaci\u00f3 dels projectes treballem de la m\u00e0 de les millors enginyeries de Catalunya.<\/p>\n<p>Executem projectes realitzats per altres enginyeries.<\/p>\n<p>Inscrits al registre d&#8217;instal\u00b7ladors de telecomunicacions en les categories A, B, C, F de la Generalitat de Catalunya amb el No. 4219<\/p>\n<p>&nbsp;<\/p>\n<p>&nbsp;<\/p>\n","protected":false},"excerpt":{"rendered":"<p>\u00b7 Edificacions unifamiliars. \u00b7 Edificacions Plurifamiliars. \u00b7\u00a0Xarxes\u00a0de\u00a0CATV. \u00b7\u00a0Comunicacions\u00a0en naus industrials. &nbsp; Realitzem instal\u00b7lacions d&#8217;ICT\u00a0a obra nova. Hem realitzat instal\u00b7lacions en m\u00e9s de 10.000\u00a0habitatges\u00a0d&#8217;obra nova, tant d&#8217;\u00e0mbit unifamiliar com plurifamiliars. Oferim serveis complets &#8220;Clau en m\u00e0&#8221;, Realitzaci\u00f3, visat i registre dels projectes\u00a0ICT\u00a0aix\u00ed com\u00a0dels butlletins, protocols de proves i sol\u00b7licitud del certificat final d&#8217;una\u00a0ICT. Per a la [&hellip;]<\/p>\n","protected":false},"author":3,"featured_media":482,"parent":306,"menu_order":0,"comment_status":"closed","ping_status":"closed","template":"","meta":[],"aioseo_notices":[],"_links":{"self":[{"href":"https:\/\/www.telelux.es\/ca\/wp-json\/wp\/v2\/pages\/481"}],"collection":[{"href":"https:\/\/www.telelux.es\/ca\/wp-json\/wp\/v2\/pages"}],"about":[{"href":"https:\/\/www.telelux.es\/ca\/wp-json\/wp\/v2\/types\/page"}],"author":[{"embeddable":true,"href":"https:\/\/www.telelux.es\/ca\/wp-json\/wp\/v2\/users\/3"}],"replies":[{"embeddable":true,"href":"https:\/\/www.telelux.es\/ca\/wp-json\/wp\/v2\/comments?post=481"}],"version-history":[{"count":7,"href":"https:\/\/www.telelux.es\/ca\/wp-json\/wp\/v2\/pages\/481\/revisions"}],"predecessor-version":[{"id":2956,"href":"https:\/\/www.telelux.es\/ca\/wp-json\/wp\/v2\/pages\/481\/revisions\/2956"}],"up":[{"embeddable":true,"href":"https:\/\/www.telelux.es\/ca\/wp-json\/wp\/v2\/pages\/306"}],"wp:featuredmedia":[{"embeddable":true,"href":"https:\/\/www.telelux.es\/ca\/wp-json\/wp\/v2\/media\/482"}],"wp:attachment":[{"href":"https:\/\/www.telelux.es\/ca\/wp-json\/wp\/v2\/media?parent=481"}],"curies":[{"name":"wp","href":"https:\/\/api.w.org\/{rel}","templated":true}]}}