{"id":321,"date":"2018-03-06T12:41:34","date_gmt":"2018-03-06T12:41:34","guid":{"rendered":"http:\/\/www.telelux.es\/wordpress\/?page_id=321"},"modified":"2018-04-18T13:57:51","modified_gmt":"2018-04-18T13:57:51","slug":"megafonies","status":"publish","type":"page","link":"https:\/\/www.telelux.es\/ca\/telecomunicacions\/megafonies\/","title":{"rendered":"Megafonies"},"content":{"rendered":"<div id=\"pl-321\"  class=\"panel-layout\" ><div id=\"pg-321-0\"  class=\"panel-grid panel-has-style\" ><div class=\"siteorigin-panels-stretch panel-row-style-full-width panel-row-style panel-row-style-for-321-0\" data-stretch-type=\"full-stretched\" ><div id=\"pgc-321-0-0\"  class=\"panel-grid-cell panel-grid-cell-empty\" ><\/div><\/div><\/div><div id=\"pg-321-1\"  class=\"panel-grid panel-no-style\" ><div id=\"pgc-321-1-0\"  class=\"panel-grid-cell\" ><div id=\"panel-321-1-0-0\" class=\"so-panel widget widget_sow-editor panel-first-child panel-last-child\" data-index=\"0\" ><div\n\t\t\t\n\t\t\tclass=\"so-widget-sow-editor so-widget-sow-editor-base\"\n\t\t\t\n\t\t><h3 class=\"widget-title\">No qualsevol altaveu sonoritza.<\/h3>\n<div class=\"siteorigin-widget-tinymce textwidget\">\n\t<p style=\"text-align: left;\">Som especialistes en la sonoritzaci\u00f3 d'espais:<\/p>\n<p>Bars, Naus industrials, Centres comercials, Pavellons esportius, Camps de futbol, etc...<br \/>La qualitat del so aix\u00ed com la correcte distribuci\u00f3 es molt important a tots els espais, a Telelux realitzarem un estudi concret i prec\u00eds segons les vostres necessitats, realitzem pressupostos sense comprom\u00eds.<\/p>\n<\/div>\n<\/div><\/div><\/div><\/div><div id=\"pg-321-2\"  class=\"panel-grid panel-has-style\" ><div class=\"siteorigin-panels-stretch panel-row-style-full-width panel-row-style panel-row-style-for-321-2\" data-stretch-type=\"full-stretched\" ><div id=\"pgc-321-2-0\"  class=\"panel-grid-cell\" ><div id=\"panel-321-2-0-0\" class=\"so-panel widget widget_sow-editor panel-first-child panel-last-child\" data-index=\"1\" ><div class=\"panel-widget-style panel-widget-style-for-321-2-0-0\" ><div\n\t\t\t\n\t\t\tclass=\"so-widget-sow-editor so-widget-sow-editor-base\"\n\t\t\t\n\t\t>\n<div class=\"siteorigin-widget-tinymce textwidget\">\n\t<h1 style=\"color: #fff;\">BOTIGUES DE MODA<\/h1>\n<p style=\"color: #fff; font-size: 1.0em;\">La m\u00fasica es un gran impulsor de vendes en aquests tipus de comer\u00e7, sol\u00b7licitan'ns pressupost sense comprom\u00eds.<\/p>\n<\/div>\n<\/div><\/div><\/div><\/div><\/div><\/div><div id=\"pg-321-3\"  class=\"panel-grid panel-has-style\" ><div class=\"siteorigin-panels-stretch panel-row-style-full-width panel-row-style panel-row-style-for-321-3\" data-stretch-type=\"full-stretched\" ><div id=\"pgc-321-3-0\"  class=\"panel-grid-cell\" ><div id=\"panel-321-3-0-0\" class=\"so-panel widget widget_sow-editor panel-first-child panel-last-child\" data-index=\"2\" ><div class=\"panel-widget-style panel-widget-style-for-321-3-0-0\" ><div\n\t\t\t\n\t\t\tclass=\"so-widget-sow-editor so-widget-sow-editor-base\"\n\t\t\t\n\t\t>\n<div class=\"siteorigin-widget-tinymce textwidget\">\n\t<h1 style=\"color: #FFF;\">SUPERMERCATS<\/h1>\n<p style=\"color: #FFF; font-size: 1.0em;\">Localitza a les persones dels diferents departaments, fes res\u00f2 de les teves ofertes, notifica qualsevol informaci\u00f3.<\/p>\n<\/div>\n<\/div><\/div><\/div><\/div><\/div><\/div><div id=\"pg-321-4\"  class=\"panel-grid panel-has-style\" ><div class=\"siteorigin-panels-stretch panel-row-style-full-width panel-row-style panel-row-style-for-321-4\" data-stretch-type=\"full-stretched\" ><div id=\"pgc-321-4-0\"  class=\"panel-grid-cell\" ><div id=\"panel-321-4-0-0\" class=\"so-panel widget widget_sow-editor panel-first-child panel-last-child\" data-index=\"3\" ><div class=\"panel-widget-style panel-widget-style-for-321-4-0-0\" ><div\n\t\t\t\n\t\t\tclass=\"so-widget-sow-editor so-widget-sow-editor-base\"\n\t\t\t\n\t\t>\n<div class=\"siteorigin-widget-tinymce textwidget\">\n\t<h1 style=\"color: #FFF;\">PABELLONS ESPORTIUS<\/h1>\n<p style=\"color: #FFF; font-size: 1.0em;\">Sonoritzem pavellons amb la millor i m\u00e9s actual tecnologia on es prioritza la qualitat del so ja sigui amb molta o poca aflu\u00e8ncia de p\u00fablic. <\/p>\n<\/div>\n<\/div><\/div><\/div><\/div><\/div><\/div><div id=\"pg-321-5\"  class=\"panel-grid panel-has-style\" ><div class=\"siteorigin-panels-stretch panel-row-style-full-width panel-row-style panel-row-style-for-321-5\" data-stretch-type=\"full-stretched\" ><div id=\"pgc-321-5-0\"  class=\"panel-grid-cell\" ><div id=\"panel-321-5-0-0\" class=\"so-panel widget widget_sow-editor panel-first-child panel-last-child\" data-index=\"4\" ><div class=\"panel-widget-style panel-widget-style-for-321-5-0-0\" ><div\n\t\t\t\n\t\t\tclass=\"so-widget-sow-editor so-widget-sow-editor-base\"\n\t\t\t\n\t\t>\n<div class=\"siteorigin-widget-tinymce textwidget\">\n\t<h1 style=\"color: #FFF;\">CAMPS I PISTES ESPORTIVES<\/h1>\n<p style=\"color: #FFF; font-size: 1.0em;\">Ja siguin camps de futbol, circu\u00efts de carreras, hipiques o qualsevol tipus de camp esportiu al descobert.<\/p>\n<\/div>\n<\/div><\/div><\/div><\/div><\/div><\/div><div id=\"pg-321-6\"  class=\"panel-grid panel-has-style\" ><div class=\"siteorigin-panels-stretch panel-row-style-full-width panel-row-style panel-row-style-for-321-6\" data-stretch-type=\"full-stretched\" ><div id=\"pgc-321-6-0\"  class=\"panel-grid-cell\" ><div id=\"panel-321-6-0-0\" class=\"so-panel widget widget_sow-editor panel-first-child panel-last-child\" data-index=\"5\" ><div class=\"panel-widget-style panel-widget-style-for-321-6-0-0\" ><div\n\t\t\t\n\t\t\tclass=\"so-widget-sow-editor so-widget-sow-editor-base\"\n\t\t\t\n\t\t>\n<div class=\"siteorigin-widget-tinymce textwidget\">\n\t<h1 style=\"color: #FFF;\">BARS<\/h1>\n<p style=\"color: #FFF; font-size: 1.0em;\">Si dones partits de futbol al teu bar no deixis de donar la import\u00e0ncia que es mereix la qualitat del so, far\u00e0 que els teus clients estiguin molt a gust i repeteixin, els sons estridents son molt mal valorats per els clients.<\/p>\n<\/div>\n<\/div><\/div><\/div><\/div><\/div><\/div><div id=\"pg-321-7\"  class=\"panel-grid panel-has-style\" ><div class=\"siteorigin-panels-stretch panel-row-style-full-width panel-row-style panel-row-style-for-321-7\" data-stretch-type=\"full-stretched\" ><div id=\"pgc-321-7-0\"  class=\"panel-grid-cell\" ><div id=\"panel-321-7-0-0\" class=\"so-panel widget widget_sow-editor panel-first-child panel-last-child\" data-index=\"6\" ><div class=\"panel-widget-style panel-widget-style-for-321-7-0-0\" ><div\n\t\t\t\n\t\t\tclass=\"so-widget-sow-editor so-widget-sow-editor-base\"\n\t\t\t\n\t\t>\n<div class=\"siteorigin-widget-tinymce textwidget\">\n\t<h1 style=\"color: #FFF;\">RESTAURANTS<\/h1>\n<p style=\"color: #FFF; font-size: 1.0em;\">Sonoritzar amb un volum i amb una qualitat \u00f2ptima es molt important per els restaurants, els estudis han demostrat que els comensals valoren molt positivament aquests aspectes, consulta'ns sense comprom\u00eds.<\/p>\n<\/div>\n<\/div><\/div><\/div><\/div><\/div><\/div><div id=\"pg-321-8\"  class=\"panel-grid panel-has-style\" ><div class=\"siteorigin-panels-stretch panel-row-style-full-width panel-row-style panel-row-style-for-321-8\" data-stretch-type=\"full-stretched\" ><div id=\"pgc-321-8-0\"  class=\"panel-grid-cell\" ><div id=\"panel-321-8-0-0\" class=\"so-panel widget widget_sow-editor panel-first-child panel-last-child\" data-index=\"7\" ><div class=\"panel-widget-style panel-widget-style-for-321-8-0-0\" ><div\n\t\t\t\n\t\t\tclass=\"so-widget-sow-editor so-widget-sow-editor-base\"\n\t\t\t\n\t\t>\n<div class=\"siteorigin-widget-tinymce textwidget\">\n\t<h1 style=\"color: #FFF;\">DISCOTEQUES - PUB'S - BARS M\u00daSICALS<\/h1>\n<p style=\"color: #FFF; font-size: 1.0em;\">Sonoritzem la teva sala.<\/p>\n<\/div>\n<\/div><\/div><\/div><\/div><\/div><\/div><div id=\"pg-321-9\"  class=\"panel-grid panel-has-style\" ><div class=\"siteorigin-panels-stretch panel-row-style-full-width panel-row-style panel-row-style-for-321-9\" style=\"background-color: #ffa93a; \" data-stretch-type=\"full-stretched\" ><div id=\"pgc-321-9-0\"  class=\"panel-grid-cell\" ><div id=\"panel-321-9-0-0\" class=\"widget_text so-panel widget widget_custom_html panel-first-child panel-last-child\" data-index=\"8\" ><div class=\"textwidget custom-html-widget\">\n<div class=\"wpcf7 no-js\" id=\"wpcf7-f1134-o1\" lang=\"es-ES\" dir=\"ltr\">\n<div class=\"screen-reader-response\"><p role=\"status\" aria-live=\"polite\" aria-atomic=\"true\"><\/p> <ul><\/ul><\/div>\n<form action=\"\/ca\/wp-json\/wp\/v2\/pages\/321#wpcf7-f1134-o1\" method=\"post\" class=\"wpcf7-form init\" aria-label=\"Formulario de contacto\" novalidate=\"novalidate\" data-status=\"init\">\n<div style=\"display: none;\">\n<input type=\"hidden\" name=\"_wpcf7\" value=\"1134\" \/>\n<input type=\"hidden\" name=\"_wpcf7_version\" value=\"5.7.7\" \/>\n<input type=\"hidden\" name=\"_wpcf7_locale\" value=\"es_ES\" \/>\n<input type=\"hidden\" name=\"_wpcf7_unit_tag\" value=\"wpcf7-f1134-o1\" \/>\n<input type=\"hidden\" name=\"_wpcf7_container_post\" value=\"0\" \/>\n<input type=\"hidden\" name=\"_wpcf7_posted_data_hash\" value=\"\" \/>\n<input type=\"hidden\" name=\"_wpcf7_recaptcha_response\" value=\"\" \/>\n<\/div>\n<div style=\"width:70%; padding:0; margin-left: auto; margin-right: auto;\">\n\t<h4 style=\"text-align: center; margin-bottom: 2rem;\"><i class=\"fa fa-comments-o\"><\/i> FES-NOS LA TEVA CONSULTA\n\t<\/h4>\n\t<div style=\"width: 45%; display: inline-block; margin: 0; vertical-align: top;\">\n\t\t<p><span class=\"wpcf7-form-control-wrap\" data-name=\"your-name\"><input size=\"40\" class=\"wpcf7-form-control wpcf7-text wpcf7-validates-as-required\" aria-required=\"true\" aria-invalid=\"false\" value=\"El teu nom*\" type=\"text\" name=\"your-name\" \/><\/span>\n\t\t<\/p>\n\t\t<p><span class=\"wpcf7-form-control-wrap\" data-name=\"your-email\"><input size=\"40\" class=\"wpcf7-form-control wpcf7-text wpcf7-email wpcf7-validates-as-required wpcf7-validates-as-email\" aria-required=\"true\" aria-invalid=\"false\" value=\"El teu email*\" type=\"email\" name=\"your-email\" \/><\/span>\n\t\t<\/p>\n\t\t<p><span class=\"wpcf7-form-control-wrap\" data-name=\"your-subject\"><input size=\"40\" class=\"wpcf7-form-control wpcf7-text\" aria-invalid=\"false\" value=\"Assumpte\" type=\"text\" name=\"your-subject\" \/><\/span>\n\t\t<\/p>\n\t\t<p>Els camps marcats amb * s\u00f3n obligatoris.\n\t\t<\/p>\n\t<\/div>\n\t<div style=\"width: 50%; display: inline-block; margin: 0\">\n\t\t<p><span class=\"wpcf7-form-control-wrap\" data-name=\"your-message\"><textarea cols=\"50\" rows=\"4\" class=\"wpcf7-form-control wpcf7-textarea wpcf7-validates-as-required\" aria-required=\"true\" aria-invalid=\"false\" name=\"your-message\">Escriu aqu\u00ed el teu missatge*<\/textarea><\/span>\n\t\t<\/p>\n\t\t<p><span class=\"wpcf7-form-control-wrap\" data-name=\"acceptance-854\"><span class=\"wpcf7-form-control wpcf7-acceptance\"><span class=\"wpcf7-list-item\"><label><input type=\"checkbox\" name=\"acceptance-854\" value=\"1\" aria-invalid=\"false\" \/><span class=\"wpcf7-list-item-label\">He leido y acepto la <a href=\"\/politica-de-privacidad\">politica de privacidad<\/a><\/span><\/label><\/span><\/span><\/span>\n\t\t<\/p>\n\t\t<p>\n\t\t<input class=\"wpcf7-form-control has-spinner wpcf7-submit\" type=\"submit\" value=\"Enviar\" \/>\n\t\t<\/p>\n\t<\/div>\n<\/div><p style=\"display: none !important;\"><label>&#916;<textarea name=\"_wpcf7_ak_hp_textarea\" cols=\"45\" rows=\"8\" maxlength=\"100\"><\/textarea><\/label><input type=\"hidden\" id=\"ak_js_1\" name=\"_wpcf7_ak_js\" value=\"70\"\/><script>document.getElementById( \"ak_js_1\" ).setAttribute( \"value\", ( new Date() ).getTime() );<\/script><\/p><div class=\"wpcf7-response-output\" aria-hidden=\"true\"><\/div>\n<\/form>\n<\/div>\n<\/div><\/div><\/div><\/div><\/div><\/div>","protected":false},"excerpt":{"rendered":"<p>Som especialistes en la sonoritzaci\u00f3 d&#8217;espais: Bars, Naus industrials, Centres comercials, Pavellons esportius, Camps de futbol, etc&#8230;La qualitat del so aix\u00ed com la correcte distribuci\u00f3 es molt important a tots els espais, a Telelux realitzarem un estudi concret i prec\u00eds segons les vostres necessitats, realitzem pressupostos sense comprom\u00eds.<\/p>\n","protected":false},"author":2,"featured_media":0,"parent":306,"menu_order":0,"comment_status":"closed","ping_status":"closed","template":"templates\/template-full.php","meta":[],"aioseo_notices":[],"_links":{"self":[{"href":"https:\/\/www.telelux.es\/ca\/wp-json\/wp\/v2\/pages\/321"}],"collection":[{"href":"https:\/\/www.telelux.es\/ca\/wp-json\/wp\/v2\/pages"}],"about":[{"href":"https:\/\/www.telelux.es\/ca\/wp-json\/wp\/v2\/types\/page"}],"author":[{"embeddable":true,"href":"https:\/\/www.telelux.es\/ca\/wp-json\/wp\/v2\/users\/2"}],"replies":[{"embeddable":true,"href":"https:\/\/www.telelux.es\/ca\/wp-json\/wp\/v2\/comments?post=321"}],"version-history":[{"count":30,"href":"https:\/\/www.telelux.es\/ca\/wp-json\/wp\/v2\/pages\/321\/revisions"}],"predecessor-version":[{"id":2316,"href":"https:\/\/www.telelux.es\/ca\/wp-json\/wp\/v2\/pages\/321\/revisions\/2316"}],"up":[{"embeddable":true,"href":"https:\/\/www.telelux.es\/ca\/wp-json\/wp\/v2\/pages\/306"}],"wp:attachment":[{"href":"https:\/\/www.telelux.es\/ca\/wp-json\/wp\/v2\/media?parent=321"}],"curies":[{"name":"wp","href":"https:\/\/api.w.org\/{rel}","templated":true}]}}