{"id":319,"date":"2018-03-06T12:40:59","date_gmt":"2018-03-06T12:40:59","guid":{"rendered":"http:\/\/www.telelux.es\/wordpress\/?page_id=319"},"modified":"2018-04-18T13:54:59","modified_gmt":"2018-04-18T13:54:59","slug":"sistemes-audiovisuals","status":"publish","type":"page","link":"https:\/\/www.telelux.es\/ca\/so-professional-iluminacio-espectacular\/sistemes-audiovisuals\/","title":{"rendered":"Sistemes audiovisuals"},"content":{"rendered":"<div id=\"pl-319\"  class=\"panel-layout\" ><div id=\"pg-319-0\"  class=\"panel-grid panel-no-style\" ><div id=\"pgc-319-0-0\"  class=\"panel-grid-cell\" ><div id=\"panel-319-0-0-0\" class=\"so-panel widget widget_sow-editor panel-first-child panel-last-child\" data-index=\"0\" ><div\n\t\t\t\n\t\t\tclass=\"so-widget-sow-editor so-widget-sow-editor-base\"\n\t\t\t\n\t\t>\n<div class=\"siteorigin-widget-tinymce textwidget\">\n\t<p>Ja sigui un domicili particular, una escola, una empresa, una discoteca, un restaurant, un bar,\u00a0<span class=\"hiddenGrammarError\" style=\"padding-bottom: 2px; background-image: url('..\/..\/..\/..\/..\/images\/squiggle.png'); background-repeat: repeat-x; background-position: left bottom; cursor: default; color: #666666; font-family: 'Open Sans', Helvetica, Arial, sans-serif; font-size: 16px; font-style: normal; font-variant-ligatures: normal; font-variant-caps: normal; font-weight: 300; letter-spacing: normal; orphans: 2; text-align: start; text-indent: 0px; text-transform: none; white-space: normal; widows: 2; word-spacing: 0px; -webkit-text-stroke-width: 0px; text-decoration-style: initial; text-decoration-color: initial;\">etc<\/span>, el subministra i la instal\u00b7laci\u00f3 d'un projector o pantalla i el seu sistema de so no es basa a col\u00b7locar qualsevol dispositiu, si de veritat\u00a0vols tindre una sala correctament preparada, hi ha\u00a0molts factors que cal tindre en compte, a\u00a0<span class=\"hiddenSpellError\">Telelux<\/span>\u00a0t'assessorem\u00a0en tot, millor ubicaci\u00f3, millors dispositius,\u00a0connectivitat\u00a0universal entre aparells i eines d'interacci\u00f3 per a usuaris i\u00a0assistents.<\/p>\n<\/div>\n<\/div><\/div><\/div><\/div><div id=\"pg-319-1\"  class=\"panel-grid panel-has-style\" ><div class=\"siteorigin-panels-stretch panel-row-style-full-width panel-row-style panel-row-style-for-319-1\" data-stretch-type=\"full-stretched\" ><div id=\"pgc-319-1-0\"  class=\"panel-grid-cell\" ><div id=\"panel-319-1-0-0\" class=\"so-panel widget widget_sow-editor panel-first-child panel-last-child\" data-index=\"1\" ><div class=\"panel-widget-style panel-widget-style-for-319-1-0-0\" ><div\n\t\t\t\n\t\t\tclass=\"so-widget-sow-editor so-widget-sow-editor-base\"\n\t\t\t\n\t\t>\n<div class=\"siteorigin-widget-tinymce textwidget\">\n\t<h1 style=\"color: #fff;\">ESCOLES<\/h1>\n<p style=\"color: #fff; font-size: 1.0em;\">Sistemes audiovisuals per escoles, projectors, pissarres electr\u00f2niques, sonoritzacions, sala d'actes, gimn\u00e0s, etc...<\/p>\n<\/div>\n<\/div><\/div><\/div><\/div><\/div><\/div><div id=\"pg-319-2\"  class=\"panel-grid panel-has-style\" ><div class=\"siteorigin-panels-stretch panel-row-style-full-width panel-row-style panel-row-style-for-319-2\" data-stretch-type=\"full-stretched\" ><div id=\"pgc-319-2-0\"  class=\"panel-grid-cell\" ><div id=\"panel-319-2-0-0\" class=\"so-panel widget widget_sow-editor panel-first-child panel-last-child\" data-index=\"2\" ><div class=\"panel-widget-style panel-widget-style-for-319-2-0-0\" ><div\n\t\t\t\n\t\t\tclass=\"so-widget-sow-editor so-widget-sow-editor-base\"\n\t\t\t\n\t\t>\n<div class=\"siteorigin-widget-tinymce textwidget\">\n\t<h1 style=\"color: #FFF;\">SALES DE REUNIONS<\/h1>\n<p style=\"color: #FFF; font-size: 1.0em;\">Instal\u00b7laci\u00f3 de sistemes multipantalles, v\u00eddeo confer\u00e8ncies, projecci\u00f3, presentacions...<\/p>\n<\/div>\n<\/div><\/div><\/div><\/div><\/div><\/div><div id=\"pg-319-3\"  class=\"panel-grid panel-has-style\" ><div class=\"siteorigin-panels-stretch panel-row-style-full-width panel-row-style panel-row-style-for-319-3\" data-stretch-type=\"full-stretched\" ><div id=\"pgc-319-3-0\"  class=\"panel-grid-cell\" ><div id=\"panel-319-3-0-0\" class=\"so-panel widget widget_sow-editor panel-first-child panel-last-child\" data-index=\"3\" ><div class=\"panel-widget-style panel-widget-style-for-319-3-0-0\" ><div\n\t\t\t\n\t\t\tclass=\"so-widget-sow-editor so-widget-sow-editor-base\"\n\t\t\t\n\t\t>\n<div class=\"siteorigin-widget-tinymce textwidget\">\n\t<h1 style=\"color: #FFF;\">SALES DE CONFERENCIES<\/h1>\n<p style=\"color: #FFF; font-size: 1.0em;\">Sonoritza i projecte amb la millor qualitat, elaborem projectes a mida per sales de confer\u00e8ncies. <\/p>\n<\/div>\n<\/div><\/div><\/div><\/div><\/div><\/div><div id=\"pg-319-4\"  class=\"panel-grid panel-has-style\" ><div class=\"siteorigin-panels-stretch panel-row-style-full-width panel-row-style panel-row-style-for-319-4\" data-stretch-type=\"full-stretched\" ><div id=\"pgc-319-4-0\"  class=\"panel-grid-cell\" ><div id=\"panel-319-4-0-0\" class=\"so-panel widget widget_sow-editor panel-first-child panel-last-child\" data-index=\"4\" ><div class=\"panel-widget-style panel-widget-style-for-319-4-0-0\" ><div\n\t\t\t\n\t\t\tclass=\"so-widget-sow-editor so-widget-sow-editor-base\"\n\t\t\t\n\t\t>\n<div class=\"siteorigin-widget-tinymce textwidget\">\n\t<h1 style=\"color: #FFF;\">CINE A CASA<\/h1>\n<p style=\"color: #FFF; font-size: 1.0em;\">Vols crear el teu espai cine?, consulta'ns pressupost sense comprom\u00eds.<\/p>\n<\/div>\n<\/div><\/div><\/div><\/div><\/div><\/div><div id=\"pg-319-5\"  class=\"panel-grid panel-has-style\" ><div class=\"siteorigin-panels-stretch panel-row-style-full-width panel-row-style panel-row-style-for-319-5\" data-stretch-type=\"full-stretched\" ><div id=\"pgc-319-5-0\"  class=\"panel-grid-cell\" ><div id=\"panel-319-5-0-0\" class=\"so-panel widget widget_sow-editor panel-first-child panel-last-child\" data-index=\"5\" ><div class=\"panel-widget-style panel-widget-style-for-319-5-0-0\" ><div\n\t\t\t\n\t\t\tclass=\"so-widget-sow-editor so-widget-sow-editor-base\"\n\t\t\t\n\t\t>\n<div class=\"siteorigin-widget-tinymce textwidget\">\n\t<h1 style=\"color: #FFF;\">BARS<\/h1>\n<p style=\"color: #FFF; font-size: 1.0em;\">Si dones partits de futbol al teu bar fes-ho de qualitat, t'assessorem amb els millors projectors o tv i amb el millor so, com sempre prioritzant el terme qualitat-preu <\/p>\n<\/div>\n<\/div><\/div><\/div><\/div><\/div><\/div><div id=\"pg-319-6\"  class=\"panel-grid panel-has-style\" ><div class=\"siteorigin-panels-stretch panel-row-style-full-width panel-row-style panel-row-style-for-319-6\" data-stretch-type=\"full-stretched\" ><div id=\"pgc-319-6-0\"  class=\"panel-grid-cell\" ><div id=\"panel-319-6-0-0\" class=\"so-panel widget widget_sow-editor panel-first-child panel-last-child\" data-index=\"6\" ><div class=\"panel-widget-style panel-widget-style-for-319-6-0-0\" ><div\n\t\t\t\n\t\t\tclass=\"so-widget-sow-editor so-widget-sow-editor-base\"\n\t\t\t\n\t\t>\n<div class=\"siteorigin-widget-tinymce textwidget\">\n\t<h1 style=\"color: #FFF;\">SISTEMES PORT\u00c0TILS I DESMUNTABLES<\/h1>\n<p style=\"color: #FFF; font-size: 1.0em;\">Som conscients que moltes vegades necessites un sistema m\u00f2bil audiovisual per poder traslladar entre sales, disposem de m\u00faltiples solucions per a tu.<\/p>\n<\/div>\n<\/div><\/div><\/div><\/div><\/div><\/div><div id=\"pg-319-7\"  class=\"panel-grid panel-has-style\" ><div class=\"siteorigin-panels-stretch panel-row-style-full-width panel-row-style panel-row-style-for-319-7\" style=\"background-color: #ffa93a; \" data-stretch-type=\"full-stretched\" ><div id=\"pgc-319-7-0\"  class=\"panel-grid-cell\" ><div id=\"panel-319-7-0-0\" class=\"widget_text so-panel widget widget_custom_html panel-first-child panel-last-child\" data-index=\"7\" ><div class=\"textwidget custom-html-widget\">\n<div class=\"wpcf7 no-js\" id=\"wpcf7-f1178-o1\" lang=\"es-ES\" dir=\"ltr\">\n<div class=\"screen-reader-response\"><p role=\"status\" aria-live=\"polite\" aria-atomic=\"true\"><\/p> <ul><\/ul><\/div>\n<form action=\"\/ca\/wp-json\/wp\/v2\/pages\/319#wpcf7-f1178-o1\" method=\"post\" class=\"wpcf7-form init\" aria-label=\"Formulario de contacto\" novalidate=\"novalidate\" data-status=\"init\">\n<div style=\"display: none;\">\n<input type=\"hidden\" name=\"_wpcf7\" value=\"1178\" \/>\n<input type=\"hidden\" name=\"_wpcf7_version\" value=\"5.7.7\" \/>\n<input type=\"hidden\" name=\"_wpcf7_locale\" value=\"es_ES\" \/>\n<input type=\"hidden\" name=\"_wpcf7_unit_tag\" value=\"wpcf7-f1178-o1\" \/>\n<input type=\"hidden\" name=\"_wpcf7_container_post\" value=\"0\" \/>\n<input type=\"hidden\" name=\"_wpcf7_posted_data_hash\" value=\"\" \/>\n<input type=\"hidden\" name=\"_wpcf7_recaptcha_response\" value=\"\" \/>\n<\/div>\n<div style=\"width:70%; padding:0; margin-left: auto; margin-right: auto;\">\n\t<h4 style=\"text-align: center; margin-bottom: 2rem;\"><i class=\"fa fa-comments-o\"><\/i> FES-NOS LA TEVA CONSULTA\n\t<\/h4>\n\t<div style=\"width: 45%; display: inline-block; margin: 0; vertical-align: top;\">\n\t\t<p><span class=\"wpcf7-form-control-wrap\" data-name=\"your-name\"><input size=\"40\" class=\"wpcf7-form-control wpcf7-text wpcf7-validates-as-required\" aria-required=\"true\" aria-invalid=\"false\" value=\"El teu nom*\" type=\"text\" name=\"your-name\" \/><\/span>\n\t\t<\/p>\n\t\t<p><span class=\"wpcf7-form-control-wrap\" data-name=\"your-email\"><input size=\"40\" class=\"wpcf7-form-control wpcf7-text wpcf7-email wpcf7-validates-as-required wpcf7-validates-as-email\" aria-required=\"true\" aria-invalid=\"false\" value=\"El teu email*\" type=\"email\" name=\"your-email\" \/><\/span>\n\t\t<\/p>\n\t\t<p><span class=\"wpcf7-form-control-wrap\" data-name=\"your-subject\"><input size=\"40\" class=\"wpcf7-form-control wpcf7-text\" aria-invalid=\"false\" value=\"Assumpte\" type=\"text\" name=\"your-subject\" \/><\/span>\n\t\t<\/p>\n\t\t<p>Els camps marcats amb * s\u00f3n obligatoris.\n\t\t<\/p>\n\t<\/div>\n\t<div style=\"width: 50%; display: inline-block; margin: 0\">\n\t\t<p><span class=\"wpcf7-form-control-wrap\" data-name=\"your-message\"><textarea cols=\"50\" rows=\"4\" class=\"wpcf7-form-control wpcf7-textarea wpcf7-validates-as-required\" aria-required=\"true\" aria-invalid=\"false\" name=\"your-message\">Escriu aqu\u00ed el teu missatge*<\/textarea><\/span>\n\t\t<\/p>\n\t\t<p><span class=\"wpcf7-form-control-wrap\" data-name=\"acceptance-854\"><span class=\"wpcf7-form-control wpcf7-acceptance\"><span class=\"wpcf7-list-item\"><label><input type=\"checkbox\" name=\"acceptance-854\" value=\"1\" aria-invalid=\"false\" \/><span class=\"wpcf7-list-item-label\">He leido y acepto la <a href=\"\/politica-de-privacidad\">politica de privacidad<\/a><\/span><\/label><\/span><\/span><\/span>\n\t\t<\/p>\n\t\t<p>\n\t\t<input class=\"wpcf7-form-control has-spinner wpcf7-submit\" type=\"submit\" value=\"Enviar\" \/>\n\t\t<\/p>\n\t<\/div>\n<\/div><p style=\"display: none !important;\"><label>&#916;<textarea name=\"_wpcf7_ak_hp_textarea\" cols=\"45\" rows=\"8\" maxlength=\"100\"><\/textarea><\/label><input type=\"hidden\" id=\"ak_js_1\" name=\"_wpcf7_ak_js\" value=\"65\"\/><script>document.getElementById( \"ak_js_1\" ).setAttribute( \"value\", ( new Date() ).getTime() );<\/script><\/p><div class=\"wpcf7-response-output\" aria-hidden=\"true\"><\/div>\n<\/form>\n<\/div>\n<\/div><\/div><\/div><\/div><\/div><\/div>","protected":false},"excerpt":{"rendered":"<p>Ja sigui un domicili particular, una escola, una empresa, una discoteca, un restaurant, un bar,\u00a0etc, el subministra i la instal\u00b7laci\u00f3 d&#8217;un projector o pantalla i el seu sistema de so no es basa a col\u00b7locar qualsevol dispositiu, si de veritat\u00a0vols tindre una sala correctament preparada, hi ha\u00a0molts factors que cal tindre en compte, a\u00a0Telelux\u00a0t&#8217;assessorem\u00a0en tot, [&hellip;]<\/p>\n","protected":false},"author":2,"featured_media":0,"parent":317,"menu_order":0,"comment_status":"closed","ping_status":"closed","template":"templates\/template-full.php","meta":[],"aioseo_notices":[],"_links":{"self":[{"href":"https:\/\/www.telelux.es\/ca\/wp-json\/wp\/v2\/pages\/319"}],"collection":[{"href":"https:\/\/www.telelux.es\/ca\/wp-json\/wp\/v2\/pages"}],"about":[{"href":"https:\/\/www.telelux.es\/ca\/wp-json\/wp\/v2\/types\/page"}],"author":[{"embeddable":true,"href":"https:\/\/www.telelux.es\/ca\/wp-json\/wp\/v2\/users\/2"}],"replies":[{"embeddable":true,"href":"https:\/\/www.telelux.es\/ca\/wp-json\/wp\/v2\/comments?post=319"}],"version-history":[{"count":19,"href":"https:\/\/www.telelux.es\/ca\/wp-json\/wp\/v2\/pages\/319\/revisions"}],"predecessor-version":[{"id":2306,"href":"https:\/\/www.telelux.es\/ca\/wp-json\/wp\/v2\/pages\/319\/revisions\/2306"}],"up":[{"embeddable":true,"href":"https:\/\/www.telelux.es\/ca\/wp-json\/wp\/v2\/pages\/317"}],"wp:attachment":[{"href":"https:\/\/www.telelux.es\/ca\/wp-json\/wp\/v2\/media?parent=319"}],"curies":[{"name":"wp","href":"https:\/\/api.w.org\/{rel}","templated":true}]}}