{"id":313,"date":"2018-03-06T12:38:00","date_gmt":"2018-03-06T12:38:00","guid":{"rendered":"http:\/\/www.telelux.es\/wordpress\/?page_id=313"},"modified":"2018-04-18T13:58:34","modified_gmt":"2018-04-18T13:58:34","slug":"xarxes-comunicacio","status":"publish","type":"page","link":"https:\/\/www.telelux.es\/ca\/telecomunicacions\/xarxes-comunicacio\/","title":{"rendered":"Xarxes de comunicaci\u00f3"},"content":{"rendered":"<h1 id=\"page-title\" class=\"title\">Veu i dades<\/h1>\n<p><img decoding=\"async\" loading=\"lazy\" class=\"alignright\" src=\"http:\/\/www.telelux.es\/sites\/default\/files\/resize\/xarxas_1-200x150.jpg\" alt=\"\" width=\"152\" height=\"114\" \/><\/p>\n<div id=\"block-system-main\" class=\"block block-system block-main block-system-main odd block-without-title\">\n<div class=\"block-inner clearfix\">\n<div class=\"content clearfix\">\n<div class=\"ds-2col-stacked-fluid node node-bloques-el-inicio view-mode-full clearfix\">\n<div class=\"group-header\">\n<div class=\"field field-name-body field-type-text-with-summary field-label-above\">\n<div class=\"field-items\">\n<div class=\"field-item even\"><\/div>\n<\/div>\n<\/div>\n<\/div>\n<\/div>\n<\/div>\n<\/div>\n<\/div>\n<p>&nbsp;<\/p>\n<div id=\"block-system-main\" class=\"block block-system block-main block-system-main odd block-without-title\">\n<div class=\"block-inner clearfix\">\n<div class=\"content clearfix\">\n<div class=\"ds-2col-stacked-fluid node node-bloques-el-inicio view-mode-full clearfix\">\n<div class=\"group-header\">\n<div class=\"field field-name-body field-type-text-with-summary field-label-above\">\n<div class=\"field-items\">\n<div class=\"field-item even\">\n<h2>Instal\u00b7laci\u00f3n, reparaci\u00f3, configuraci\u00f3 i manteniment de xarxes inform\u00e0tiques.<\/h2>\n<ul>\n<li>\n<div>Conexi\u00f3 entre ordinadors.<\/div>\n<\/li>\n<li>\n<div>Acc\u00e9s a Internet controlat.<\/div>\n<\/li>\n<li>\n<div>Xarxes de fibra optica.<\/div>\n<\/li>\n<li>\n<div>Cablejat estructurat.<\/div>\n<\/li>\n<\/ul>\n<h2>Xarxes de cable.<\/h2>\n<p><img decoding=\"async\" loading=\"lazy\" class=\"alignleft\" src=\"http:\/\/www.telelux.es\/sites\/default\/files\/resize\/10022010186-200x267.jpg\" alt=\"\" width=\"200\" height=\"267\" \/><\/p>\n<p class=\"rtejustify\">Amb xarxes de cablejat de coure de Cat.6 podem arribar a oferir unes velocitats de transmissi\u00f3 de 1Gbps, tot i que en l\u2019actualitat el cablejat m\u00e9s empleat \u00e9s el de categoria 5e, el qual treballa sense cap mena de problema\u00a0 a velocitats de fins a 100Mbps.<br \/>\nA les xarxes de cablejat\u00a0 prima la seguretat de les instal\u00b7lacions. Al tractar-se de xarxes que treballen sobre un via f\u00edsica (el cable),\u00a0 \u00e9s molt m\u00e9s dif\u00edcil el poder patir intrusisme a la xarxa, dons per poder accedir-hi s\u2019ha de \u201cpunxar\u201d el cablejat.<br \/>\nNo treu, per\u00f2,\u00a0 els riscos d\u2019acc\u00e9s des de l\u2019exterior si la xarxa est\u00e0 connectada a Internet.\u00a0 En cas de necessitar connectar la xarxa a Internet \u00e9s recomanable treballar amb firewals i anti virus. En cas de necessitat es poden realitzar enlla\u00e7os en fibra \u00f2ptica, aquests tipus de xarxes nom\u00e9s s\u2019utilitzen\u00a0 a molt llargues dist\u00e0ncies o en llocs a on la necessitat de velocitat en transmissi\u00f3 de dades en imprescindible.<\/p>\n<h2>Xarxes mixtes.<\/h2>\n<p class=\"rtejustify\">S\u00f3n aquelles xarxes a on cal treballar amb cablejat i wi-fi. De fet, cada dia \u00e9s m\u00e9s habitual parlar de xarxes mixtes per assegurar una cobertura total dels edificis o espais en els que es desitja donar el servei.<\/p>\n<h1 id=\"page-title\" class=\"title\">Wifi<\/h1>\n<div id=\"block-system-main\" class=\"block block-system block-main block-system-main odd block-without-title\">\n<div class=\"block-inner clearfix\">\n<div class=\"content clearfix\">\n<div class=\"ds-2col-stacked-fluid node node-bloques-el-inicio view-mode-full clearfix\">\n<div class=\"group-header\">\n<div class=\"field field-name-body field-type-text-with-summary field-label-above\">\n<div class=\"field-items\">\n<div class=\"field-item even\">\n<ul>\n<li><strong>Ampliacions de cobertura Wifi.<img decoding=\"async\" loading=\"lazy\" src=\"http:\/\/www.telelux.es\/sites\/default\/files\/resize\/onda_wifi-200x150.jpg\" alt=\"\" width=\"200\" height=\"150\" \/><\/strong><\/li>\n<li><strong>Enlla\u00e7 entre edifics.<\/strong><\/li>\n<li><strong>Wifi per a comunitats de ve\u00efns.<\/strong><\/li>\n<\/ul>\n<div><\/div>\n<h2>Xarxes Wi-fi.<\/h2>\n<div>\n<div>\n<p class=\"rtejustify\">Les xarxes wi-fi, tot i que s\u00f3n m\u00e9s vulnerables al intrusisme,\u00a0 avui en dia ja s\u00f3n gaireb\u00e9 imprescindibles a tot arreu, amb la proliferaci\u00f3 dels dispositius m\u00f2bils (smartphones, tablets,\u00a0 ordinadors port\u00e0tils, &#8230;) s\u2019ha creat la necessitat de poder accedir a les xarxes sense cables. Oferim el servei de desplegament de xarxes wi-fi en totes les mesures:\u00a0 des de el particular que no t\u00e9 prou cobertura a la seva vivenda fins a l\u2019empresa que necessita enlla\u00e7ar dos edificis distanciats. Tamb\u00e9 oferim el desplegament de xarxes wi-fi per comunitats de ve\u00efns.<\/p>\n<h2>Xarxes mixtes.<\/h2>\n<p class=\"rtejustify\">S\u00f3n aquelles xarxes a on cal treballar amb cablejat i wi-fi. De fet, cada dia \u00e9s m\u00e9s habitual parlar de xarxes mixtes per assegurar una cobertura total dels edificis o espais en els que es desitja donar el servei.<\/p>\n<\/div>\n<\/div>\n<table border=\"1\" cellspacing=\"1\" cellpadding=\"1\" align=\"center\">\n<tbody>\n<tr>\n<td class=\"rtecenter\"><img decoding=\"async\" loading=\"lazy\" src=\"http:\/\/www.telelux.es\/sites\/default\/files\/resize\/wifi-80x55.jpg\" alt=\"\" width=\"80\" height=\"55\" \/><\/td>\n<td class=\"rtecenter\"><img decoding=\"async\" loading=\"lazy\" src=\"http:\/\/www.telelux.es\/sites\/default\/files\/cisco.jpg\" alt=\"\" width=\"94\" height=\"58\" \/><\/td>\n<td class=\"rtecenter\"><img decoding=\"async\" loading=\"lazy\" src=\"http:\/\/www.telelux.es\/sites\/default\/files\/motorola.jpg\" alt=\"\" width=\"200\" height=\"47\" \/><\/td>\n<td class=\"rtecenter\"><img decoding=\"async\" loading=\"lazy\" src=\"http:\/\/www.telelux.es\/sites\/default\/files\/ubiquiti.jpg\" alt=\"\" width=\"175\" height=\"81\" \/><\/td>\n<td class=\"rtecenter\"><img decoding=\"async\" loading=\"lazy\" src=\"http:\/\/www.telelux.es\/sites\/default\/files\/d-link.jpg\" alt=\"\" width=\"142\" height=\"38\" \/><\/td>\n<td class=\"rtecenter\"><img decoding=\"async\" loading=\"lazy\" src=\"http:\/\/www.telelux.es\/sites\/default\/files\/resize\/bgn-175x63.jpg\" alt=\"\" width=\"175\" height=\"63\" \/><\/td>\n<\/tr>\n<\/tbody>\n<\/table>\n<\/div>\n<\/div>\n<\/div>\n<\/div>\n<\/div>\n<\/div>\n<\/div>\n<\/div>\n<\/div>\n<\/div>\n<\/div>\n<\/div>\n<\/div>\n<\/div>\n<\/div>\n<\/div>\n","protected":false},"excerpt":{"rendered":"<p>Veu i dades &nbsp; Instal\u00b7laci\u00f3n, reparaci\u00f3, configuraci\u00f3 i manteniment de xarxes inform\u00e0tiques. Conexi\u00f3 entre ordinadors. Acc\u00e9s a Internet controlat. Xarxes de fibra optica. Cablejat estructurat. Xarxes de cable. Amb xarxes de cablejat de coure de Cat.6 podem arribar a oferir unes velocitats de transmissi\u00f3 de 1Gbps, tot i que en l\u2019actualitat el cablejat m\u00e9s empleat [&hellip;]<\/p>\n","protected":false},"author":2,"featured_media":0,"parent":306,"menu_order":0,"comment_status":"closed","ping_status":"closed","template":"","meta":[],"aioseo_notices":[],"_links":{"self":[{"href":"https:\/\/www.telelux.es\/ca\/wp-json\/wp\/v2\/pages\/313"}],"collection":[{"href":"https:\/\/www.telelux.es\/ca\/wp-json\/wp\/v2\/pages"}],"about":[{"href":"https:\/\/www.telelux.es\/ca\/wp-json\/wp\/v2\/types\/page"}],"author":[{"embeddable":true,"href":"https:\/\/www.telelux.es\/ca\/wp-json\/wp\/v2\/users\/2"}],"replies":[{"embeddable":true,"href":"https:\/\/www.telelux.es\/ca\/wp-json\/wp\/v2\/comments?post=313"}],"version-history":[{"count":5,"href":"https:\/\/www.telelux.es\/ca\/wp-json\/wp\/v2\/pages\/313\/revisions"}],"predecessor-version":[{"id":2317,"href":"https:\/\/www.telelux.es\/ca\/wp-json\/wp\/v2\/pages\/313\/revisions\/2317"}],"up":[{"embeddable":true,"href":"https:\/\/www.telelux.es\/ca\/wp-json\/wp\/v2\/pages\/306"}],"wp:attachment":[{"href":"https:\/\/www.telelux.es\/ca\/wp-json\/wp\/v2\/media?parent=313"}],"curies":[{"name":"wp","href":"https:\/\/api.w.org\/{rel}","templated":true}]}}